{"id":46,"date":"2017-10-03T14:38:47","date_gmt":"2017-10-03T11:38:47","guid":{"rendered":"\/\/www.kuopionpuutarhaseura.fi\/?page_id=46"},"modified":"2020-12-03T16:12:38","modified_gmt":"2020-12-03T14:12:38","slug":"historia","status":"publish","type":"page","link":"https:\/\/kuopionpuutarhaseura.fi\/paasivusto\/yhdistys\/historia\/","title":{"rendered":"Historia"},"content":{"rendered":"\n<p>Kuopion puutarhaseura ry:n perustamiskokous pidettiin 25.11.1923.&nbsp; Kokouksessa valittiin johtokuntaan seuraavat henkil\u00f6t: puheenjohtajaksi puutarhateknikko Simo Mytty, sihteeriksi puutarhateknikko Hellin Brax, puutarhuri J A Ohlsson, opettaja Ludvik Isotalo, rehtori Yrj\u00f6 Tuomikoski ja rehtori Kurt H Envald.<\/p>\n\n\n\n<p>Perustamiskokouksessa seuran s\u00e4\u00e4nn\u00f6iksi kirjoitettiin seuraavasti: \u201dKuopion Puutarhaseuran tarkoitus on her\u00e4tt\u00e4\u00e4 ja vireill\u00e4 pit\u00e4\u00e4 innostusta puutarha- viljelykseen ja lis\u00e4t\u00e4 viljeltyjen tuotteiden k\u00e4ytt\u00f6\u00e4. Huolehtia j\u00e4sentens\u00e4 henkisen ja aineellisen tilan kohottamisesta. Suojella luonnon kauneutta, miss\u00e4 se ei ole esteen\u00e4 puutarhanhoidolliselle puolelle. Tarkoituksensa koettaa seura saavuttaa, levitt\u00e4en ammattikirjallisuutta, j\u00e4rjest\u00e4en kokouksia, luentoja, retkeilyj\u00e4, n\u00e4yttelyj\u00e4 ja kilpailuja\u201d. Seuran j\u00e4seneksi p\u00e4\u00e4see jokainen puutarha-alaa harrastava puhdasmaineinen henkil\u00f6\u201d.<\/p>\n\n\n\n<p>Toiminta oli eritt\u00e4in aktiivista alusta alkaen, sill\u00e4 heti seuraavana vuonna 1924 j\u00e4rjestettiin ensimm\u00e4inen puutarhan\u00e4yttely, samoin aloitettiin myynti- toiminta torilla. Toiminnan alkuvuosina Puutarhan\u00e4yttelyj\u00e4 j\u00e4rjestettiin<br>l\u00e4hes vuosittain, viime vuosikymmenin\u00e4 n\u00e4yttelyt on toteutettu seuran juhlistaessa viisi- tai kymmenvuotista toimintavuosiaan.<\/p>\n\n\n\n<p>Alusta alkaen osallistuttiin valtakunnalliseen toimintaan l\u00e4hett\u00e4m\u00e4ll\u00e4 edustajat Suomen puutarhaviljelij\u00e4in liiton kokouksiin. Koska tietoa ja taitoa viljelyyn ei ollut riitt\u00e4v\u00e4sti omalla toiminta-alueella seura j\u00e4rjesti j\u00e4senilleen koulutusp\u00e4ivi\u00e4, joihin kouluttajia pyydettiin eri puolelta Suomea. Opintoretki\u00e4 alan tutkimuskohteisiin ja viljelmille harrastettiin aktiivisesti. Toiminnan alkuvuosilta juontaa juurensa my\u00f6s vuosittain pidett\u00e4v\u00e4 pilkki \u2044 kalakukkoretki, joka on tarkoitettu seuran j\u00e4senille virkistykseksi.<\/p>\n\n\n\n<p>Tilikirja vuodelta 1924 kertoo maksaneita j\u00e4seni\u00e4 silloin olleen 25 henkil\u00f6\u00e4. J\u00e4senm\u00e4\u00e4r\u00e4 kasvoi vuosi vuodelta ja vuonna 1961 j\u00e4seni\u00e4 oli 73 henkil\u00f6\u00e4. 40-luvulla esitelmien p\u00e4\u00e4aiheena oli vihannesviljely, jonka merkeiss\u00e4 j\u00e4rjestettiin my\u00f6s k\u00e4yt\u00e4nn\u00f6n neuvontatilaisuuksia. Harrastelijoita eli ns \u201cpihaviljelij\u00f6it\u00e4\u201d pyrittiin saamaan entist\u00e4 enemm\u00e4n j\u00e4seniksi, ett\u00e4 vihannesten viljely ja k\u00e4ytt\u00f6 heid\u00e4n kauttaan lis\u00e4\u00e4ntyisi.<\/p>\n\n\n\n<p>S\u00e4\u00e4nt\u00f6ihin on vuosikymmenien saatossa tullut muutoksia, mutta perusajatus on edelleen sama, toiminta on suunnattu niin harrastajille kuin ammattilaisillekin.<\/p>\n\n\n\n<p>Toimintamme ajatuksena on, ett\u00e4 koko perhe voi osallistua kaikkiin seuran tapahtumiin. Seuramme j\u00e4senin\u00e4 on perheit\u00e4, jotka jatkavat mukana toiminnassa jo toisessa tai kolmannessa polvessa. Haluamme n\u00e4in toiminnallamme kannustaa perheit\u00e4 yhteisen harrastuksen pariin, sill\u00e4 sit\u00e4h\u00e4n puutarhan hoito parhaimmillaan on. Lapset oppivat pienest\u00e4 pit\u00e4en hoitamaan, arvostamaan ja kunnioittamaan puutarhaa ja ymp\u00e4r\u00f6iv\u00e4\u00e4 luontoa.<\/p>\n\n\n\n<p>Tiedot ja taidot kasvavat vuosien my\u00f6t\u00e4. Virheit\u00e4 ja ep\u00e4onnistumisia toki sattuu, mutta ne opitaan hyv\u00e4ksym\u00e4\u00e4n. Puutarhaa hoitaessa joutuu hyv\u00e4ksym\u00e4\u00e4n sen tosiasian, ett\u00e4 kasvukauden s\u00e4\u00e4oloista p\u00e4\u00e4tt\u00e4\u00e4 meit\u00e4 suurempi PUUTARHURI, eik\u00e4 luonto\u00e4idin p\u00e4\u00e4t\u00f6ksiin tuo muutosta edes t\u00e4m\u00e4n p\u00e4iv\u00e4n teknillistynyt maailma.<\/p>\n","protected":false},"excerpt":{"rendered":"<p>Kuopion puutarhaseura ry:n perustamiskokous pidettiin 25.11.1923.&nbsp; Kokouksessa valittiin johtokuntaan seuraavat henkil\u00f6t: puheenjohtajaksi puutarhateknikko Simo Mytty, sihteeriksi puutarhateknikko Hellin Brax, puutarhuri J A Ohlsson, opettaja Ludvik Isotalo, rehtori Yrj\u00f6 Tuomikoski ja [&hellip;]<\/p>\n","protected":false},"author":1,"featured_media":9726,"parent":42,"menu_order":8,"comment_status":"closed","ping_status":"closed","template":"","meta":{"site-sidebar-layout":"default","site-content-layout":"default","ast-site-content-layout":"default","site-content-style":"default","site-sidebar-style":"default","ast-global-header-display":"","ast-banner-title-visibility":"","ast-main-header-display":"","ast-hfb-above-header-display":"","ast-hfb-below-header-display":"","ast-hfb-mobile-header-display":"","site-post-title":"","ast-breadcrumbs-content":"","ast-featured-img":"","footer-sml-layout":"","ast-disable-related-posts":"","theme-transparent-header-meta":"default","adv-header-id-meta":"","stick-header-meta":"default","header-above-stick-meta":"","header-main-stick-meta":"","header-below-stick-meta":"","astra-migrate-meta-layouts":"default","ast-page-background-enabled":"default","ast-page-background-meta":{"desktop":{"background-color":"var(--ast-global-color-5)","background-image":"","background-repeat":"repeat","background-position":"center center","background-size":"auto","background-attachment":"scroll","background-type":"","background-media":"","overlay-type":"","overlay-color":"","overlay-opacity":"","overlay-gradient":""},"tablet":{"background-color":"","background-image":"","background-repeat":"repeat","background-position":"center center","background-size":"auto","background-attachment":"scroll","background-type":"","background-media":"","overlay-type":"","overlay-color":"","overlay-opacity":"","overlay-gradient":""},"mobile":{"background-color":"","background-image":"","background-repeat":"repeat","background-position":"center center","background-size":"auto","background-attachment":"scroll","background-type":"","background-media":"","overlay-type":"","overlay-color":"","overlay-opacity":"","overlay-gradient":""}},"ast-content-background-meta":{"desktop":{"background-color":"var(--ast-global-color-4)","background-image":"","background-repeat":"repeat","background-position":"center center","background-size":"auto","background-attachment":"scroll","background-type":"","background-media":"","overlay-type":"","overlay-color":"","overlay-opacity":"","overlay-gradient":""},"tablet":{"background-color":"var(--ast-global-color-4)","background-image":"","background-repeat":"repeat","background-position":"center center","background-size":"auto","background-attachment":"scroll","background-type":"","background-media":"","overlay-type":"","overlay-color":"","overlay-opacity":"","overlay-gradient":""},"mobile":{"background-color":"var(--ast-global-color-4)","background-image":"","background-repeat":"repeat","background-position":"center center","background-size":"auto","background-attachment":"scroll","background-type":"","background-media":"","overlay-type":"","overlay-color":"","overlay-opacity":"","overlay-gradient":""}},"footnotes":""},"class_list":["post-46","page","type-page","status-publish","has-post-thumbnail","hentry"],"yoast_head":"<!-- This site is optimized with the Yoast SEO plugin v27.0 - https:\/\/yoast.com\/product\/yoast-seo-wordpress\/ -->\n<title>Historia - Kuopion Puutarhaseura ry<\/title>\n<meta name=\"robots\" content=\"index, follow, max-snippet:-1, max-image-preview:large, max-video-preview:-1\" \/>\n<link rel=\"canonical\" href=\"https:\/\/kuopionpuutarhaseura.fi\/paasivusto\/yhdistys\/historia\/\" \/>\n<meta property=\"og:locale\" content=\"fi_FI\" \/>\n<meta property=\"og:type\" content=\"article\" \/>\n<meta property=\"og:title\" content=\"Historia - Kuopion Puutarhaseura ry\" \/>\n<meta property=\"og:description\" content=\"Kuopion puutarhaseura ry:n perustamiskokous pidettiin 25.11.1923.&nbsp; Kokouksessa valittiin johtokuntaan seuraavat henkil\u00f6t: puheenjohtajaksi puutarhateknikko Simo Mytty, sihteeriksi puutarhateknikko Hellin Brax, puutarhuri J A Ohlsson, opettaja Ludvik Isotalo, rehtori Yrj\u00f6 Tuomikoski ja [&hellip;]\" \/>\n<meta property=\"og:url\" content=\"https:\/\/kuopionpuutarhaseura.fi\/paasivusto\/yhdistys\/historia\/\" \/>\n<meta property=\"og:site_name\" content=\"Kuopion Puutarhaseura ry\" \/>\n<meta property=\"article:publisher\" content=\"https:\/\/www.facebook.com\/kuopionpuutarhaseura\/\" \/>\n<meta property=\"article:modified_time\" content=\"2020-12-03T14:12:38+00:00\" \/>\n<meta property=\"og:image\" content=\"https:\/\/kuopionpuutarhaseura.fi\/paasivusto\/wp-content\/uploads\/2020\/12\/6120_042_01.jpg\" \/>\n\t<meta property=\"og:image:width\" content=\"1200\" \/>\n\t<meta property=\"og:image:height\" content=\"493\" \/>\n\t<meta property=\"og:image:type\" content=\"image\/jpeg\" \/>\n<meta name=\"twitter:card\" content=\"summary_large_image\" \/>\n<meta name=\"twitter:label1\" content=\"Arvioitu lukuaika\" \/>\n\t<meta name=\"twitter:data1\" content=\"2 minuuttia\" \/>\n<script type=\"application\/ld+json\" class=\"yoast-schema-graph\">{\"@context\":\"https:\/\/schema.org\",\"@graph\":[{\"@type\":\"WebPage\",\"@id\":\"https:\/\/kuopionpuutarhaseura.fi\/paasivusto\/yhdistys\/historia\/\",\"url\":\"https:\/\/kuopionpuutarhaseura.fi\/paasivusto\/yhdistys\/historia\/\",\"name\":\"Historia - Kuopion Puutarhaseura ry\",\"isPartOf\":{\"@id\":\"https:\/\/kuopionpuutarhaseura.fi\/paasivusto\/#website\"},\"primaryImageOfPage\":{\"@id\":\"https:\/\/kuopionpuutarhaseura.fi\/paasivusto\/yhdistys\/historia\/#primaryimage\"},\"image\":{\"@id\":\"https:\/\/kuopionpuutarhaseura.fi\/paasivusto\/yhdistys\/historia\/#primaryimage\"},\"thumbnailUrl\":\"https:\/\/kuopionpuutarhaseura.fi\/paasivusto\/wp-content\/uploads\/2020\/12\/6120_042_01.jpg\",\"datePublished\":\"2017-10-03T11:38:47+00:00\",\"dateModified\":\"2020-12-03T14:12:38+00:00\",\"breadcrumb\":{\"@id\":\"https:\/\/kuopionpuutarhaseura.fi\/paasivusto\/yhdistys\/historia\/#breadcrumb\"},\"inLanguage\":\"fi\",\"potentialAction\":[{\"@type\":\"ReadAction\",\"target\":[\"https:\/\/kuopionpuutarhaseura.fi\/paasivusto\/yhdistys\/historia\/\"]}]},{\"@type\":\"ImageObject\",\"inLanguage\":\"fi\",\"@id\":\"https:\/\/kuopionpuutarhaseura.fi\/paasivusto\/yhdistys\/historia\/#primaryimage\",\"url\":\"https:\/\/kuopionpuutarhaseura.fi\/paasivusto\/wp-content\/uploads\/2020\/12\/6120_042_01.jpg\",\"contentUrl\":\"https:\/\/kuopionpuutarhaseura.fi\/paasivusto\/wp-content\/uploads\/2020\/12\/6120_042_01.jpg\",\"width\":1200,\"height\":493},{\"@type\":\"BreadcrumbList\",\"@id\":\"https:\/\/kuopionpuutarhaseura.fi\/paasivusto\/yhdistys\/historia\/#breadcrumb\",\"itemListElement\":[{\"@type\":\"ListItem\",\"position\":1,\"name\":\"Etusivu\",\"item\":\"https:\/\/kuopionpuutarhaseura.fi\/paasivusto\/\"},{\"@type\":\"ListItem\",\"position\":2,\"name\":\"Yhdistys\",\"item\":\"https:\/\/kuopionpuutarhaseura.fi\/paasivusto\/yhdistys\/\"},{\"@type\":\"ListItem\",\"position\":3,\"name\":\"Historia\"}]},{\"@type\":\"WebSite\",\"@id\":\"https:\/\/kuopionpuutarhaseura.fi\/paasivusto\/#website\",\"url\":\"https:\/\/kuopionpuutarhaseura.fi\/paasivusto\/\",\"name\":\"Kuopion Puutarhaseura ry\",\"description\":\"Puutarhaseura Kuopiossa jo vuodesta 1923\",\"publisher\":{\"@id\":\"https:\/\/kuopionpuutarhaseura.fi\/paasivusto\/#organization\"},\"potentialAction\":[{\"@type\":\"SearchAction\",\"target\":{\"@type\":\"EntryPoint\",\"urlTemplate\":\"https:\/\/kuopionpuutarhaseura.fi\/paasivusto\/?s={search_term_string}\"},\"query-input\":{\"@type\":\"PropertyValueSpecification\",\"valueRequired\":true,\"valueName\":\"search_term_string\"}}],\"inLanguage\":\"fi\"},{\"@type\":\"Organization\",\"@id\":\"https:\/\/kuopionpuutarhaseura.fi\/paasivusto\/#organization\",\"name\":\"Kuopion Puutarhaseura ry\",\"url\":\"https:\/\/kuopionpuutarhaseura.fi\/paasivusto\/\",\"logo\":{\"@type\":\"ImageObject\",\"inLanguage\":\"fi\",\"@id\":\"https:\/\/kuopionpuutarhaseura.fi\/paasivusto\/#\/schema\/logo\/image\/\",\"url\":\"https:\/\/kuopionpuutarhaseura.fi\/paasivusto\/wp-content\/uploads\/2019\/05\/Kukkalogo_keltamusta.png\",\"contentUrl\":\"https:\/\/kuopionpuutarhaseura.fi\/paasivusto\/wp-content\/uploads\/2019\/05\/Kukkalogo_keltamusta.png\",\"width\":180,\"height\":172,\"caption\":\"Kuopion Puutarhaseura ry\"},\"image\":{\"@id\":\"https:\/\/kuopionpuutarhaseura.fi\/paasivusto\/#\/schema\/logo\/image\/\"},\"sameAs\":[\"https:\/\/www.facebook.com\/kuopionpuutarhaseura\/\"]}]}<\/script>\n<!-- \/ Yoast SEO plugin. -->","yoast_head_json":{"title":"Historia - Kuopion Puutarhaseura ry","robots":{"index":"index","follow":"follow","max-snippet":"max-snippet:-1","max-image-preview":"max-image-preview:large","max-video-preview":"max-video-preview:-1"},"canonical":"https:\/\/kuopionpuutarhaseura.fi\/paasivusto\/yhdistys\/historia\/","og_locale":"fi_FI","og_type":"article","og_title":"Historia - Kuopion Puutarhaseura ry","og_description":"Kuopion puutarhaseura ry:n perustamiskokous pidettiin 25.11.1923.&nbsp; Kokouksessa valittiin johtokuntaan seuraavat henkil\u00f6t: puheenjohtajaksi puutarhateknikko Simo Mytty, sihteeriksi puutarhateknikko Hellin Brax, puutarhuri J A Ohlsson, opettaja Ludvik Isotalo, rehtori Yrj\u00f6 Tuomikoski ja [&hellip;]","og_url":"https:\/\/kuopionpuutarhaseura.fi\/paasivusto\/yhdistys\/historia\/","og_site_name":"Kuopion Puutarhaseura ry","article_publisher":"https:\/\/www.facebook.com\/kuopionpuutarhaseura\/","article_modified_time":"2020-12-03T14:12:38+00:00","og_image":[{"width":1200,"height":493,"url":"https:\/\/kuopionpuutarhaseura.fi\/paasivusto\/wp-content\/uploads\/2020\/12\/6120_042_01.jpg","type":"image\/jpeg"}],"twitter_card":"summary_large_image","twitter_misc":{"Arvioitu lukuaika":"2 minuuttia"},"schema":{"@context":"https:\/\/schema.org","@graph":[{"@type":"WebPage","@id":"https:\/\/kuopionpuutarhaseura.fi\/paasivusto\/yhdistys\/historia\/","url":"https:\/\/kuopionpuutarhaseura.fi\/paasivusto\/yhdistys\/historia\/","name":"Historia - Kuopion Puutarhaseura ry","isPartOf":{"@id":"https:\/\/kuopionpuutarhaseura.fi\/paasivusto\/#website"},"primaryImageOfPage":{"@id":"https:\/\/kuopionpuutarhaseura.fi\/paasivusto\/yhdistys\/historia\/#primaryimage"},"image":{"@id":"https:\/\/kuopionpuutarhaseura.fi\/paasivusto\/yhdistys\/historia\/#primaryimage"},"thumbnailUrl":"https:\/\/kuopionpuutarhaseura.fi\/paasivusto\/wp-content\/uploads\/2020\/12\/6120_042_01.jpg","datePublished":"2017-10-03T11:38:47+00:00","dateModified":"2020-12-03T14:12:38+00:00","breadcrumb":{"@id":"https:\/\/kuopionpuutarhaseura.fi\/paasivusto\/yhdistys\/historia\/#breadcrumb"},"inLanguage":"fi","potentialAction":[{"@type":"ReadAction","target":["https:\/\/kuopionpuutarhaseura.fi\/paasivusto\/yhdistys\/historia\/"]}]},{"@type":"ImageObject","inLanguage":"fi","@id":"https:\/\/kuopionpuutarhaseura.fi\/paasivusto\/yhdistys\/historia\/#primaryimage","url":"https:\/\/kuopionpuutarhaseura.fi\/paasivusto\/wp-content\/uploads\/2020\/12\/6120_042_01.jpg","contentUrl":"https:\/\/kuopionpuutarhaseura.fi\/paasivusto\/wp-content\/uploads\/2020\/12\/6120_042_01.jpg","width":1200,"height":493},{"@type":"BreadcrumbList","@id":"https:\/\/kuopionpuutarhaseura.fi\/paasivusto\/yhdistys\/historia\/#breadcrumb","itemListElement":[{"@type":"ListItem","position":1,"name":"Etusivu","item":"https:\/\/kuopionpuutarhaseura.fi\/paasivusto\/"},{"@type":"ListItem","position":2,"name":"Yhdistys","item":"https:\/\/kuopionpuutarhaseura.fi\/paasivusto\/yhdistys\/"},{"@type":"ListItem","position":3,"name":"Historia"}]},{"@type":"WebSite","@id":"https:\/\/kuopionpuutarhaseura.fi\/paasivusto\/#website","url":"https:\/\/kuopionpuutarhaseura.fi\/paasivusto\/","name":"Kuopion Puutarhaseura ry","description":"Puutarhaseura Kuopiossa jo vuodesta 1923","publisher":{"@id":"https:\/\/kuopionpuutarhaseura.fi\/paasivusto\/#organization"},"potentialAction":[{"@type":"SearchAction","target":{"@type":"EntryPoint","urlTemplate":"https:\/\/kuopionpuutarhaseura.fi\/paasivusto\/?s={search_term_string}"},"query-input":{"@type":"PropertyValueSpecification","valueRequired":true,"valueName":"search_term_string"}}],"inLanguage":"fi"},{"@type":"Organization","@id":"https:\/\/kuopionpuutarhaseura.fi\/paasivusto\/#organization","name":"Kuopion Puutarhaseura ry","url":"https:\/\/kuopionpuutarhaseura.fi\/paasivusto\/","logo":{"@type":"ImageObject","inLanguage":"fi","@id":"https:\/\/kuopionpuutarhaseura.fi\/paasivusto\/#\/schema\/logo\/image\/","url":"https:\/\/kuopionpuutarhaseura.fi\/paasivusto\/wp-content\/uploads\/2019\/05\/Kukkalogo_keltamusta.png","contentUrl":"https:\/\/kuopionpuutarhaseura.fi\/paasivusto\/wp-content\/uploads\/2019\/05\/Kukkalogo_keltamusta.png","width":180,"height":172,"caption":"Kuopion Puutarhaseura ry"},"image":{"@id":"https:\/\/kuopionpuutarhaseura.fi\/paasivusto\/#\/schema\/logo\/image\/"},"sameAs":["https:\/\/www.facebook.com\/kuopionpuutarhaseura\/"]}]}},"_links":{"self":[{"href":"https:\/\/kuopionpuutarhaseura.fi\/paasivusto\/wp-json\/wp\/v2\/pages\/46","targetHints":{"allow":["GET"]}}],"collection":[{"href":"https:\/\/kuopionpuutarhaseura.fi\/paasivusto\/wp-json\/wp\/v2\/pages"}],"about":[{"href":"https:\/\/kuopionpuutarhaseura.fi\/paasivusto\/wp-json\/wp\/v2\/types\/page"}],"author":[{"embeddable":true,"href":"https:\/\/kuopionpuutarhaseura.fi\/paasivusto\/wp-json\/wp\/v2\/users\/1"}],"replies":[{"embeddable":true,"href":"https:\/\/kuopionpuutarhaseura.fi\/paasivusto\/wp-json\/wp\/v2\/comments?post=46"}],"version-history":[{"count":0,"href":"https:\/\/kuopionpuutarhaseura.fi\/paasivusto\/wp-json\/wp\/v2\/pages\/46\/revisions"}],"up":[{"embeddable":true,"href":"https:\/\/kuopionpuutarhaseura.fi\/paasivusto\/wp-json\/wp\/v2\/pages\/42"}],"wp:featuredmedia":[{"embeddable":true,"href":"https:\/\/kuopionpuutarhaseura.fi\/paasivusto\/wp-json\/wp\/v2\/media\/9726"}],"wp:attachment":[{"href":"https:\/\/kuopionpuutarhaseura.fi\/paasivusto\/wp-json\/wp\/v2\/media?parent=46"}],"curies":[{"name":"wp","href":"https:\/\/api.w.org\/{rel}","templated":true}]}}