{"id":50,"date":"2017-10-03T14:39:36","date_gmt":"2017-10-03T11:39:36","guid":{"rendered":"\/\/www.kuopionpuutarhaseura.fi\/?page_id=50"},"modified":"2025-03-05T20:19:32","modified_gmt":"2025-03-05T18:19:32","slug":"yhteistyossa","status":"publish","type":"page","link":"https:\/\/kuopionpuutarhaseura.fi\/paasivusto\/yhdistys\/yhteistyossa\/","title":{"rendered":"Yhteisty\u00f6ss\u00e4"},"content":{"rendered":"\t\t<div data-elementor-type=\"wp-page\" data-elementor-id=\"50\" class=\"elementor elementor-50\" data-elementor-post-type=\"page\">\n\t\t\t\t\t\t<section class=\"elementor-section elementor-top-section elementor-element elementor-element-356f59fe elementor-section-boxed elementor-section-height-default elementor-section-height-default\" data-id=\"356f59fe\" data-element_type=\"section\" data-e-type=\"section\">\n\t\t\t\t\t\t<div class=\"elementor-container elementor-column-gap-default\">\n\t\t\t\t\t<div class=\"elementor-column elementor-col-100 elementor-top-column elementor-element elementor-element-14f08516\" data-id=\"14f08516\" data-element_type=\"column\" data-e-type=\"column\">\n\t\t\t<div class=\"elementor-widget-wrap elementor-element-populated\">\n\t\t\t\t\t\t<div class=\"elementor-element elementor-element-624fb475 elementor-widget elementor-widget-text-editor\" data-id=\"624fb475\" data-element_type=\"widget\" data-e-type=\"widget\" data-widget_type=\"text-editor.default\">\n\t\t\t\t<div class=\"elementor-widget-container\">\n\t\t\t\t\t\t\t\t\t\n<p>Kiit\u00e4mme kaikkia yhteisty\u00f6kumppaneita hyv\u00e4st\u00e4 yhteisty\u00f6st\u00e4. He ovat mahdollistaneet seurallemme monia hienoja ja t\u00e4rkeit\u00e4 asioita.<\/p>\n<p><img decoding=\"async\" class=\"aligncenter wp-image-10939 lazyload\" data-src=\"https:\/\/kuopionpuutarhaseura.fi\/paasivusto\/sisallot\/uploads\/2025\/03\/Savon_ammattiopisto_logo.png\" alt=\"\" width=\"375\" height=\"95\" src=\"data:image\/svg+xml;base64,PHN2ZyB3aWR0aD0iMSIgaGVpZ2h0PSIxIiB4bWxucz0iaHR0cDovL3d3dy53My5vcmcvMjAwMC9zdmciPjwvc3ZnPg==\" style=\"--smush-placeholder-width: 375px; --smush-placeholder-aspect-ratio: 375\/95;\" \/><\/p>\n<p style=\"text-align: right;\"><a href=\"http:\/\/www.grillihiilikauppa.fi\"><img decoding=\"async\" class=\"wp-image-10724 aligncenter lazyload\" data-src=\"https:\/\/kuopionpuutarhaseura.fi\/paasivusto\/sisallot\/uploads\/2024\/04\/Salohiili-Oy-paikalliset-biohiilet.jpg\" alt=\"\" width=\"318\" height=\"118\" src=\"data:image\/svg+xml;base64,PHN2ZyB3aWR0aD0iMSIgaGVpZ2h0PSIxIiB4bWxucz0iaHR0cDovL3d3dy53My5vcmcvMjAwMC9zdmciPjwvc3ZnPg==\" style=\"--smush-placeholder-width: 318px; --smush-placeholder-aspect-ratio: 318\/118;\" \/><\/a><\/p>\n\n<figure class=\"wp-block-image aligncenter size-full is-resized\"><a href=\"http:\/\/www.anjanpihaputiikki.fi\/\" target=\"_blank\" rel=\"noopener\"><img decoding=\"async\" class=\"wp-image-10280 lazyload\" data-src=\"https:\/\/kuopionpuutarhaseura.fi\/paasivusto\/sisallot\/uploads\/2022\/07\/Anjan-pihaputiikki.png\" alt=\"\" width=\"318\" height=\"109\" data-srcset=\"https:\/\/kuopionpuutarhaseura.fi\/paasivusto\/wp-content\/uploads\/2022\/07\/Anjan-pihaputiikki.png 990w, https:\/\/kuopionpuutarhaseura.fi\/paasivusto\/wp-content\/uploads\/2022\/07\/Anjan-pihaputiikki-768x263.png 768w\" data-sizes=\"(max-width: 318px) 100vw, 318px\" src=\"data:image\/svg+xml;base64,PHN2ZyB3aWR0aD0iMSIgaGVpZ2h0PSIxIiB4bWxucz0iaHR0cDovL3d3dy53My5vcmcvMjAwMC9zdmciPjwvc3ZnPg==\" style=\"--smush-placeholder-width: 318px; --smush-placeholder-aspect-ratio: 318\/109;\" \/><\/a><\/figure>\n<p>\u00a0<\/p>\n\n<figure class=\"wp-block-image aligncenter\"><a href=\"https:\/\/kukkatarha.fi\/\" target=\"_blank\" rel=\"noreferrer noopener\"><img decoding=\"async\" class=\"wp-image-6406 lazyload\" data-src=\"https:\/\/kuopionpuutarhaseura.fi\/paasivusto\/sisallot\/uploads\/2017\/11\/logo-heikkisen_kukkatarha.jpg\" alt=\"\" width=\"413\" height=\"126\" src=\"data:image\/svg+xml;base64,PHN2ZyB3aWR0aD0iMSIgaGVpZ2h0PSIxIiB4bWxucz0iaHR0cDovL3d3dy53My5vcmcvMjAwMC9zdmciPjwvc3ZnPg==\" style=\"--smush-placeholder-width: 413px; --smush-placeholder-aspect-ratio: 413\/126;\" \/><\/a><\/figure>\n<p>\u00a0<\/p>\n\n<figure class=\"wp-block-image aligncenter is-resized\"><a href=\"\/\/www.viherkeskusfocus.fi\/\" target=\"_blank\" rel=\"noreferrer noopener\"><img decoding=\"async\" class=\"wp-image-6400 lazyload\" data-src=\"https:\/\/kuopionpuutarhaseura.fi\/paasivusto\/sisallot\/uploads\/2017\/11\/focus.jpg\" alt=\"\" width=\"254\" height=\"95\" src=\"data:image\/svg+xml;base64,PHN2ZyB3aWR0aD0iMSIgaGVpZ2h0PSIxIiB4bWxucz0iaHR0cDovL3d3dy53My5vcmcvMjAwMC9zdmciPjwvc3ZnPg==\" style=\"--smush-placeholder-width: 254px; --smush-placeholder-aspect-ratio: 254\/95;\" \/><\/a><\/figure>\n<p>\u00a0<\/p>\n\n<figure class=\"wp-block-image aligncenter is-resized\"><a href=\"\/\/www.aeto.fi\/\" target=\"_blank\" rel=\"noreferrer noopener\"><img decoding=\"async\" class=\"wp-image-6405 lazyload\" data-src=\"https:\/\/kuopionpuutarhaseura.fi\/paasivusto\/sisallot\/uploads\/2017\/11\/logo1-julkulan-leipomo_1.jpg\" alt=\"\" width=\"271\" height=\"190\" src=\"data:image\/svg+xml;base64,PHN2ZyB3aWR0aD0iMSIgaGVpZ2h0PSIxIiB4bWxucz0iaHR0cDovL3d3dy53My5vcmcvMjAwMC9zdmciPjwvc3ZnPg==\" style=\"--smush-placeholder-width: 271px; --smush-placeholder-aspect-ratio: 271\/190;\" \/><\/a><\/figure>\n\n<figure class=\"wp-block-image aligncenter\"><a href=\"\/\/www.pienkone-ekspertit.fi\/\" target=\"_blank\" rel=\"noreferrer noopener\"><img decoding=\"async\" width=\"200\" height=\"200\" class=\"wp-image-6408 lazyload\" data-src=\"https:\/\/kuopionpuutarhaseura.fi\/paasivusto\/sisallot\/uploads\/2017\/11\/pienkone-expertit.jpg\" alt=\"\" src=\"data:image\/svg+xml;base64,PHN2ZyB3aWR0aD0iMSIgaGVpZ2h0PSIxIiB4bWxucz0iaHR0cDovL3d3dy53My5vcmcvMjAwMC9zdmciPjwvc3ZnPg==\" style=\"--smush-placeholder-width: 200px; --smush-placeholder-aspect-ratio: 200\/200;\" \/><\/a><\/figure>\n<p>\u00a0<\/p>\n\n<figure class=\"wp-block-image aligncenter\"><a href=\"\/\/www.pskone.com\/\" target=\"_blank\" rel=\"noreferrer noopener\"><img decoding=\"async\" width=\"386\" height=\"121\" class=\"wp-image-6396 lazyload\" data-src=\"https:\/\/kuopionpuutarhaseura.fi\/paasivusto\/sisallot\/uploads\/2017\/11\/PIENKONEHUOLTO-logo.jpg\" alt=\"\" src=\"data:image\/svg+xml;base64,PHN2ZyB3aWR0aD0iMSIgaGVpZ2h0PSIxIiB4bWxucz0iaHR0cDovL3d3dy53My5vcmcvMjAwMC9zdmciPjwvc3ZnPg==\" style=\"--smush-placeholder-width: 386px; --smush-placeholder-aspect-ratio: 386\/121;\" \/><\/a><\/figure>\n<p>\u00a0<\/p>\n\n<figure class=\"wp-block-image aligncenter\"><a href=\"https:\/\/www.puutarhaliitto.fi\/\" target=\"_blank\" rel=\"noreferrer noopener\"><img decoding=\"async\" width=\"416\" height=\"73\" class=\"wp-image-9187 lazyload\" data-src=\"https:\/\/kuopionpuutarhaseura.fi\/paasivusto\/sisallot\/uploads\/2019\/05\/puutarhaliitto.png\" alt=\"\" src=\"data:image\/svg+xml;base64,PHN2ZyB3aWR0aD0iMSIgaGVpZ2h0PSIxIiB4bWxucz0iaHR0cDovL3d3dy53My5vcmcvMjAwMC9zdmciPjwvc3ZnPg==\" style=\"--smush-placeholder-width: 416px; --smush-placeholder-aspect-ratio: 416\/73;\" \/><\/a><\/figure>\n<p>\u00a0<\/p>\n\n<figure class=\"wp-block-image aligncenter is-resized\"><a href=\"https:\/\/www.kotipuutarha.fi\/\" target=\"_blank\" rel=\"noreferrer noopener\"><img decoding=\"async\" class=\"wp-image-6402 lazyload\" data-src=\"https:\/\/kuopionpuutarhaseura.fi\/paasivusto\/sisallot\/uploads\/2017\/11\/KP-logo.jpg\" alt=\"\" width=\"339\" height=\"71\" src=\"data:image\/svg+xml;base64,PHN2ZyB3aWR0aD0iMSIgaGVpZ2h0PSIxIiB4bWxucz0iaHR0cDovL3d3dy53My5vcmcvMjAwMC9zdmciPjwvc3ZnPg==\" style=\"--smush-placeholder-width: 339px; --smush-placeholder-aspect-ratio: 339\/71;\" \/><\/a><\/figure>\n<p>\u00a0<\/p>\n\t\t\t\t\t\t\t\t<\/div>\n\t\t\t\t<\/div>\n\t\t\t\t\t<\/div>\n\t\t<\/div>\n\t\t\t\t\t<\/div>\n\t\t<\/section>\n\t\t\t\t<\/div>\n\t\t","protected":false},"excerpt":{"rendered":"<p>Kiit\u00e4mme kaikkia yhteisty\u00f6kumppaneita hyv\u00e4st\u00e4 yhteisty\u00f6st\u00e4. He ovat mahdollistaneet seurallemme monia hienoja ja t\u00e4rkeit\u00e4 asioita.<\/p>\n","protected":false},"author":1,"featured_media":8711,"parent":42,"menu_order":9,"comment_status":"closed","ping_status":"closed","template":"","meta":{"site-sidebar-layout":"default","site-content-layout":"default","ast-site-content-layout":"default","site-content-style":"default","site-sidebar-style":"default","ast-global-header-display":"","ast-banner-title-visibility":"","ast-main-header-display":"","ast-hfb-above-header-display":"","ast-hfb-below-header-display":"","ast-hfb-mobile-header-display":"","site-post-title":"","ast-breadcrumbs-content":"","ast-featured-img":"","footer-sml-layout":"","ast-disable-related-posts":"","theme-transparent-header-meta":"default","adv-header-id-meta":"","stick-header-meta":"default","header-above-stick-meta":"","header-main-stick-meta":"","header-below-stick-meta":"","astra-migrate-meta-layouts":"set","ast-page-background-enabled":"default","ast-page-background-meta":{"desktop":{"background-color":"","background-image":"","background-repeat":"repeat","background-position":"center center","background-size":"auto","background-attachment":"scroll","background-type":"","background-media":"","overlay-type":"","overlay-color":"","overlay-opacity":"","overlay-gradient":""},"tablet":{"background-color":"","background-image":"","background-repeat":"repeat","background-position":"center center","background-size":"auto","background-attachment":"scroll","background-type":"","background-media":"","overlay-type":"","overlay-color":"","overlay-opacity":"","overlay-gradient":""},"mobile":{"background-color":"","background-image":"","background-repeat":"repeat","background-position":"center center","background-size":"auto","background-attachment":"scroll","background-type":"","background-media":"","overlay-type":"","overlay-color":"","overlay-opacity":"","overlay-gradient":""}},"ast-content-background-meta":{"desktop":{"background-color":"var(--ast-global-color-5)","background-image":"","background-repeat":"repeat","background-position":"center center","background-size":"auto","background-attachment":"scroll","background-type":"","background-media":"","overlay-type":"","overlay-color":"","overlay-opacity":"","overlay-gradient":""},"tablet":{"background-color":"var(--ast-global-color-5)","background-image":"","background-repeat":"repeat","background-position":"center center","background-size":"auto","background-attachment":"scroll","background-type":"","background-media":"","overlay-type":"","overlay-color":"","overlay-opacity":"","overlay-gradient":""},"mobile":{"background-color":"var(--ast-global-color-5)","background-image":"","background-repeat":"repeat","background-position":"center center","background-size":"auto","background-attachment":"scroll","background-type":"","background-media":"","overlay-type":"","overlay-color":"","overlay-opacity":"","overlay-gradient":""}},"footnotes":""},"class_list":["post-50","page","type-page","status-publish","has-post-thumbnail","hentry"],"yoast_head":"<!-- This site is optimized with the Yoast SEO plugin v27.0 - https:\/\/yoast.com\/product\/yoast-seo-wordpress\/ -->\n<title>Yhteisty\u00f6ss\u00e4 - Kuopion Puutarhaseura ry<\/title>\n<meta name=\"robots\" content=\"index, follow, max-snippet:-1, max-image-preview:large, max-video-preview:-1\" \/>\n<link rel=\"canonical\" href=\"https:\/\/kuopionpuutarhaseura.fi\/paasivusto\/yhdistys\/yhteistyossa\/\" \/>\n<meta property=\"og:locale\" content=\"fi_FI\" \/>\n<meta property=\"og:type\" content=\"article\" \/>\n<meta property=\"og:title\" content=\"Yhteisty\u00f6ss\u00e4 - Kuopion Puutarhaseura ry\" \/>\n<meta property=\"og:description\" content=\"Kiit\u00e4mme kaikkia yhteisty\u00f6kumppaneita hyv\u00e4st\u00e4 yhteisty\u00f6st\u00e4. He ovat mahdollistaneet seurallemme monia hienoja ja t\u00e4rkeit\u00e4 asioita.\" \/>\n<meta property=\"og:url\" content=\"https:\/\/kuopionpuutarhaseura.fi\/paasivusto\/yhdistys\/yhteistyossa\/\" \/>\n<meta property=\"og:site_name\" content=\"Kuopion Puutarhaseura ry\" \/>\n<meta property=\"article:publisher\" content=\"https:\/\/www.facebook.com\/kuopionpuutarhaseura\/\" \/>\n<meta property=\"article:modified_time\" content=\"2025-03-05T18:19:32+00:00\" \/>\n<meta property=\"og:image\" content=\"https:\/\/kuopionpuutarhaseura.fi\/paasivusto\/wp-content\/uploads\/2019\/04\/KPSry_201904_20150419_111734-302.jpg\" \/>\n\t<meta property=\"og:image:width\" content=\"1200\" \/>\n\t<meta property=\"og:image:height\" content=\"462\" \/>\n\t<meta property=\"og:image:type\" content=\"image\/jpeg\" \/>\n<meta name=\"twitter:card\" content=\"summary_large_image\" \/>\n<meta name=\"twitter:label1\" content=\"Arvioitu lukuaika\" \/>\n\t<meta name=\"twitter:data1\" content=\"3 minuuttia\" \/>\n<script type=\"application\/ld+json\" class=\"yoast-schema-graph\">{\"@context\":\"https:\/\/schema.org\",\"@graph\":[{\"@type\":\"WebPage\",\"@id\":\"https:\/\/kuopionpuutarhaseura.fi\/paasivusto\/yhdistys\/yhteistyossa\/\",\"url\":\"https:\/\/kuopionpuutarhaseura.fi\/paasivusto\/yhdistys\/yhteistyossa\/\",\"name\":\"Yhteisty\u00f6ss\u00e4 - Kuopion Puutarhaseura ry\",\"isPartOf\":{\"@id\":\"https:\/\/kuopionpuutarhaseura.fi\/paasivusto\/#website\"},\"primaryImageOfPage\":{\"@id\":\"https:\/\/kuopionpuutarhaseura.fi\/paasivusto\/yhdistys\/yhteistyossa\/#primaryimage\"},\"image\":{\"@id\":\"https:\/\/kuopionpuutarhaseura.fi\/paasivusto\/yhdistys\/yhteistyossa\/#primaryimage\"},\"thumbnailUrl\":\"https:\/\/kuopionpuutarhaseura.fi\/paasivusto\/wp-content\/uploads\/2019\/04\/KPSry_201904_20150419_111734-302.jpg\",\"datePublished\":\"2017-10-03T11:39:36+00:00\",\"dateModified\":\"2025-03-05T18:19:32+00:00\",\"breadcrumb\":{\"@id\":\"https:\/\/kuopionpuutarhaseura.fi\/paasivusto\/yhdistys\/yhteistyossa\/#breadcrumb\"},\"inLanguage\":\"fi\",\"potentialAction\":[{\"@type\":\"ReadAction\",\"target\":[\"https:\/\/kuopionpuutarhaseura.fi\/paasivusto\/yhdistys\/yhteistyossa\/\"]}]},{\"@type\":\"ImageObject\",\"inLanguage\":\"fi\",\"@id\":\"https:\/\/kuopionpuutarhaseura.fi\/paasivusto\/yhdistys\/yhteistyossa\/#primaryimage\",\"url\":\"https:\/\/kuopionpuutarhaseura.fi\/paasivusto\/wp-content\/uploads\/2019\/04\/KPSry_201904_20150419_111734-302.jpg\",\"contentUrl\":\"https:\/\/kuopionpuutarhaseura.fi\/paasivusto\/wp-content\/uploads\/2019\/04\/KPSry_201904_20150419_111734-302.jpg\",\"width\":1200,\"height\":462},{\"@type\":\"BreadcrumbList\",\"@id\":\"https:\/\/kuopionpuutarhaseura.fi\/paasivusto\/yhdistys\/yhteistyossa\/#breadcrumb\",\"itemListElement\":[{\"@type\":\"ListItem\",\"position\":1,\"name\":\"Etusivu\",\"item\":\"https:\/\/kuopionpuutarhaseura.fi\/paasivusto\/\"},{\"@type\":\"ListItem\",\"position\":2,\"name\":\"Yhdistys\",\"item\":\"https:\/\/kuopionpuutarhaseura.fi\/paasivusto\/yhdistys\/\"},{\"@type\":\"ListItem\",\"position\":3,\"name\":\"Yhteisty\u00f6ss\u00e4\"}]},{\"@type\":\"WebSite\",\"@id\":\"https:\/\/kuopionpuutarhaseura.fi\/paasivusto\/#website\",\"url\":\"https:\/\/kuopionpuutarhaseura.fi\/paasivusto\/\",\"name\":\"Kuopion Puutarhaseura ry\",\"description\":\"Puutarhaseura Kuopiossa jo vuodesta 1923\",\"publisher\":{\"@id\":\"https:\/\/kuopionpuutarhaseura.fi\/paasivusto\/#organization\"},\"potentialAction\":[{\"@type\":\"SearchAction\",\"target\":{\"@type\":\"EntryPoint\",\"urlTemplate\":\"https:\/\/kuopionpuutarhaseura.fi\/paasivusto\/?s={search_term_string}\"},\"query-input\":{\"@type\":\"PropertyValueSpecification\",\"valueRequired\":true,\"valueName\":\"search_term_string\"}}],\"inLanguage\":\"fi\"},{\"@type\":\"Organization\",\"@id\":\"https:\/\/kuopionpuutarhaseura.fi\/paasivusto\/#organization\",\"name\":\"Kuopion Puutarhaseura ry\",\"url\":\"https:\/\/kuopionpuutarhaseura.fi\/paasivusto\/\",\"logo\":{\"@type\":\"ImageObject\",\"inLanguage\":\"fi\",\"@id\":\"https:\/\/kuopionpuutarhaseura.fi\/paasivusto\/#\/schema\/logo\/image\/\",\"url\":\"https:\/\/kuopionpuutarhaseura.fi\/paasivusto\/wp-content\/uploads\/2019\/05\/Kukkalogo_keltamusta.png\",\"contentUrl\":\"https:\/\/kuopionpuutarhaseura.fi\/paasivusto\/wp-content\/uploads\/2019\/05\/Kukkalogo_keltamusta.png\",\"width\":180,\"height\":172,\"caption\":\"Kuopion Puutarhaseura ry\"},\"image\":{\"@id\":\"https:\/\/kuopionpuutarhaseura.fi\/paasivusto\/#\/schema\/logo\/image\/\"},\"sameAs\":[\"https:\/\/www.facebook.com\/kuopionpuutarhaseura\/\"]}]}<\/script>\n<!-- \/ Yoast SEO plugin. -->","yoast_head_json":{"title":"Yhteisty\u00f6ss\u00e4 - Kuopion Puutarhaseura ry","robots":{"index":"index","follow":"follow","max-snippet":"max-snippet:-1","max-image-preview":"max-image-preview:large","max-video-preview":"max-video-preview:-1"},"canonical":"https:\/\/kuopionpuutarhaseura.fi\/paasivusto\/yhdistys\/yhteistyossa\/","og_locale":"fi_FI","og_type":"article","og_title":"Yhteisty\u00f6ss\u00e4 - Kuopion Puutarhaseura ry","og_description":"Kiit\u00e4mme kaikkia yhteisty\u00f6kumppaneita hyv\u00e4st\u00e4 yhteisty\u00f6st\u00e4. He ovat mahdollistaneet seurallemme monia hienoja ja t\u00e4rkeit\u00e4 asioita.","og_url":"https:\/\/kuopionpuutarhaseura.fi\/paasivusto\/yhdistys\/yhteistyossa\/","og_site_name":"Kuopion Puutarhaseura ry","article_publisher":"https:\/\/www.facebook.com\/kuopionpuutarhaseura\/","article_modified_time":"2025-03-05T18:19:32+00:00","og_image":[{"width":1200,"height":462,"url":"https:\/\/kuopionpuutarhaseura.fi\/paasivusto\/wp-content\/uploads\/2019\/04\/KPSry_201904_20150419_111734-302.jpg","type":"image\/jpeg"}],"twitter_card":"summary_large_image","twitter_misc":{"Arvioitu lukuaika":"3 minuuttia"},"schema":{"@context":"https:\/\/schema.org","@graph":[{"@type":"WebPage","@id":"https:\/\/kuopionpuutarhaseura.fi\/paasivusto\/yhdistys\/yhteistyossa\/","url":"https:\/\/kuopionpuutarhaseura.fi\/paasivusto\/yhdistys\/yhteistyossa\/","name":"Yhteisty\u00f6ss\u00e4 - Kuopion Puutarhaseura ry","isPartOf":{"@id":"https:\/\/kuopionpuutarhaseura.fi\/paasivusto\/#website"},"primaryImageOfPage":{"@id":"https:\/\/kuopionpuutarhaseura.fi\/paasivusto\/yhdistys\/yhteistyossa\/#primaryimage"},"image":{"@id":"https:\/\/kuopionpuutarhaseura.fi\/paasivusto\/yhdistys\/yhteistyossa\/#primaryimage"},"thumbnailUrl":"https:\/\/kuopionpuutarhaseura.fi\/paasivusto\/wp-content\/uploads\/2019\/04\/KPSry_201904_20150419_111734-302.jpg","datePublished":"2017-10-03T11:39:36+00:00","dateModified":"2025-03-05T18:19:32+00:00","breadcrumb":{"@id":"https:\/\/kuopionpuutarhaseura.fi\/paasivusto\/yhdistys\/yhteistyossa\/#breadcrumb"},"inLanguage":"fi","potentialAction":[{"@type":"ReadAction","target":["https:\/\/kuopionpuutarhaseura.fi\/paasivusto\/yhdistys\/yhteistyossa\/"]}]},{"@type":"ImageObject","inLanguage":"fi","@id":"https:\/\/kuopionpuutarhaseura.fi\/paasivusto\/yhdistys\/yhteistyossa\/#primaryimage","url":"https:\/\/kuopionpuutarhaseura.fi\/paasivusto\/wp-content\/uploads\/2019\/04\/KPSry_201904_20150419_111734-302.jpg","contentUrl":"https:\/\/kuopionpuutarhaseura.fi\/paasivusto\/wp-content\/uploads\/2019\/04\/KPSry_201904_20150419_111734-302.jpg","width":1200,"height":462},{"@type":"BreadcrumbList","@id":"https:\/\/kuopionpuutarhaseura.fi\/paasivusto\/yhdistys\/yhteistyossa\/#breadcrumb","itemListElement":[{"@type":"ListItem","position":1,"name":"Etusivu","item":"https:\/\/kuopionpuutarhaseura.fi\/paasivusto\/"},{"@type":"ListItem","position":2,"name":"Yhdistys","item":"https:\/\/kuopionpuutarhaseura.fi\/paasivusto\/yhdistys\/"},{"@type":"ListItem","position":3,"name":"Yhteisty\u00f6ss\u00e4"}]},{"@type":"WebSite","@id":"https:\/\/kuopionpuutarhaseura.fi\/paasivusto\/#website","url":"https:\/\/kuopionpuutarhaseura.fi\/paasivusto\/","name":"Kuopion Puutarhaseura ry","description":"Puutarhaseura Kuopiossa jo vuodesta 1923","publisher":{"@id":"https:\/\/kuopionpuutarhaseura.fi\/paasivusto\/#organization"},"potentialAction":[{"@type":"SearchAction","target":{"@type":"EntryPoint","urlTemplate":"https:\/\/kuopionpuutarhaseura.fi\/paasivusto\/?s={search_term_string}"},"query-input":{"@type":"PropertyValueSpecification","valueRequired":true,"valueName":"search_term_string"}}],"inLanguage":"fi"},{"@type":"Organization","@id":"https:\/\/kuopionpuutarhaseura.fi\/paasivusto\/#organization","name":"Kuopion Puutarhaseura ry","url":"https:\/\/kuopionpuutarhaseura.fi\/paasivusto\/","logo":{"@type":"ImageObject","inLanguage":"fi","@id":"https:\/\/kuopionpuutarhaseura.fi\/paasivusto\/#\/schema\/logo\/image\/","url":"https:\/\/kuopionpuutarhaseura.fi\/paasivusto\/wp-content\/uploads\/2019\/05\/Kukkalogo_keltamusta.png","contentUrl":"https:\/\/kuopionpuutarhaseura.fi\/paasivusto\/wp-content\/uploads\/2019\/05\/Kukkalogo_keltamusta.png","width":180,"height":172,"caption":"Kuopion Puutarhaseura ry"},"image":{"@id":"https:\/\/kuopionpuutarhaseura.fi\/paasivusto\/#\/schema\/logo\/image\/"},"sameAs":["https:\/\/www.facebook.com\/kuopionpuutarhaseura\/"]}]}},"_links":{"self":[{"href":"https:\/\/kuopionpuutarhaseura.fi\/paasivusto\/wp-json\/wp\/v2\/pages\/50","targetHints":{"allow":["GET"]}}],"collection":[{"href":"https:\/\/kuopionpuutarhaseura.fi\/paasivusto\/wp-json\/wp\/v2\/pages"}],"about":[{"href":"https:\/\/kuopionpuutarhaseura.fi\/paasivusto\/wp-json\/wp\/v2\/types\/page"}],"author":[{"embeddable":true,"href":"https:\/\/kuopionpuutarhaseura.fi\/paasivusto\/wp-json\/wp\/v2\/users\/1"}],"replies":[{"embeddable":true,"href":"https:\/\/kuopionpuutarhaseura.fi\/paasivusto\/wp-json\/wp\/v2\/comments?post=50"}],"version-history":[{"count":1,"href":"https:\/\/kuopionpuutarhaseura.fi\/paasivusto\/wp-json\/wp\/v2\/pages\/50\/revisions"}],"predecessor-version":[{"id":10953,"href":"https:\/\/kuopionpuutarhaseura.fi\/paasivusto\/wp-json\/wp\/v2\/pages\/50\/revisions\/10953"}],"up":[{"embeddable":true,"href":"https:\/\/kuopionpuutarhaseura.fi\/paasivusto\/wp-json\/wp\/v2\/pages\/42"}],"wp:featuredmedia":[{"embeddable":true,"href":"https:\/\/kuopionpuutarhaseura.fi\/paasivusto\/wp-json\/wp\/v2\/media\/8711"}],"wp:attachment":[{"href":"https:\/\/kuopionpuutarhaseura.fi\/paasivusto\/wp-json\/wp\/v2\/media?parent=50"}],"curies":[{"name":"wp","href":"https:\/\/api.w.org\/{rel}","templated":true}]}}