{"id":54,"date":"2017-10-03T14:40:11","date_gmt":"2017-10-03T11:40:11","guid":{"rendered":"\/\/www.kuopionpuutarhaseura.fi\/?page_id=54"},"modified":"2025-03-04T21:02:10","modified_gmt":"2025-03-04T19:02:10","slug":"ota-yhteytta","status":"publish","type":"page","link":"https:\/\/kuopionpuutarhaseura.fi\/paasivusto\/ota-yhteytta\/","title":{"rendered":"Ota yhteytt\u00e4"},"content":{"rendered":"\t\t<div data-elementor-type=\"wp-post\" data-elementor-id=\"54\" class=\"elementor elementor-54\" data-elementor-post-type=\"page\">\n\t\t\t\t\t\t<section class=\"elementor-section elementor-top-section elementor-element elementor-element-7ac0cb7e elementor-section-boxed elementor-section-height-default elementor-section-height-default\" data-id=\"7ac0cb7e\" data-element_type=\"section\" data-e-type=\"section\">\n\t\t\t\t\t\t<div class=\"elementor-container elementor-column-gap-default\">\n\t\t\t\t\t<div class=\"elementor-column elementor-col-100 elementor-top-column elementor-element elementor-element-1b70e472\" data-id=\"1b70e472\" data-element_type=\"column\" data-e-type=\"column\">\n\t\t\t<div class=\"elementor-widget-wrap elementor-element-populated\">\n\t\t\t\t\t\t<div class=\"elementor-element elementor-element-e757d59 elementor-widget elementor-widget-text-editor\" data-id=\"e757d59\" data-element_type=\"widget\" data-e-type=\"widget\" data-widget_type=\"text-editor.default\">\n\t\t\t\t<div class=\"elementor-widget-container\">\n\t\t\t\t\t\t\t\t\t\n<h2 class=\"wp-block-heading\">Yhteystiedot<\/h2>\n\n<p>Kuopion Puutarhaseura ry<br \/>c\/o Anja R\u00e4m\u00f6<br \/>Vehmasm\u00e4entie 156<br \/>70870 Hiltulanlahti<\/p>\n\n<p>Yleinen s\u00e4hk\u00f6postiosoite: info(at)kuopionpuutarhaseura.fi<\/p>\n\n<h2 class=\"wp-block-heading\">Toimihenkil\u00f6iden s\u00e4hk\u00f6postiosoitteet<\/h2>\n\n<ul class=\"wp-block-list\">\n<li>puheenjohtaja(at)kuopionpuutarhaseura.fi<\/li>\n<li>sihteeri(at)kuopionpuutarhaseura.fi<\/li>\n<li>jasensihteeri(at)kuopionpuutarhaseura.fi<\/li>\n<li>varainhoitaja(at)kuopionpuutarhaseura.fi<\/li>\n<\/ul>\n\n<h2 class=\"wp-block-heading\">Yhteydenottolomake<\/h2>\n\n<p>Kysy, kommentoi tai vaikkapa ideoi oheisella lomakkeella. Voit esimerkiksi antaa palautetta toimintaamme liittyvist\u00e4 asioista.<\/p>\n\n<p>Vaaditut kent\u00e4t on merkitty (*)-merkinn\u00e4ll\u00e4.<\/p>\n\t\t\t\t\t\t\t\t<\/div>\n\t\t\t\t<\/div>\n\t\t\t\t\t<\/div>\n\t\t<\/div>\n\t\t\t\t\t<\/div>\n\t\t<\/section>\n\t\t\t\t<section class=\"elementor-section elementor-top-section elementor-element elementor-element-0d08b8e elementor-section-boxed elementor-section-height-default elementor-section-height-default\" data-id=\"0d08b8e\" data-element_type=\"section\" data-e-type=\"section\">\n\t\t\t\t\t\t<div class=\"elementor-container elementor-column-gap-default\">\n\t\t\t\t\t<div class=\"elementor-column elementor-col-100 elementor-top-column elementor-element elementor-element-a2d770f\" data-id=\"a2d770f\" data-element_type=\"column\" data-e-type=\"column\">\n\t\t\t<div class=\"elementor-widget-wrap elementor-element-populated\">\n\t\t\t\t\t\t<div class=\"elementor-element elementor-element-aaee14c elementor-button-align-start elementor-widget elementor-widget-form\" data-id=\"aaee14c\" data-element_type=\"widget\" data-e-type=\"widget\" data-settings=\"{&quot;step_next_label&quot;:&quot;Next&quot;,&quot;step_previous_label&quot;:&quot;Previous&quot;,&quot;button_width&quot;:&quot;100&quot;,&quot;step_type&quot;:&quot;number_text&quot;,&quot;step_icon_shape&quot;:&quot;circle&quot;}\" data-widget_type=\"form.default\">\n\t\t\t\t<div class=\"elementor-widget-container\">\n\t\t\t\t\t\t\t<form class=\"elementor-form\" method=\"post\" name=\"Ota yhteytt\u00e4\" aria-label=\"Ota yhteytt\u00e4\">\n\t\t\t<input type=\"hidden\" name=\"post_id\" value=\"54\"\/>\n\t\t\t<input type=\"hidden\" name=\"form_id\" value=\"aaee14c\"\/>\n\t\t\t<input type=\"hidden\" name=\"referer_title\" value=\"Ota yhteytt\u00e4 - Kuopion Puutarhaseura ry\" \/>\n\n\t\t\t\t\t\t\t<input type=\"hidden\" name=\"queried_id\" value=\"54\"\/>\n\t\t\t\n\t\t\t<div class=\"elementor-form-fields-wrapper elementor-labels-above\">\n\t\t\t\t\t\t\t\t<div class=\"elementor-field-type-text elementor-field-group elementor-column elementor-field-group-nimi elementor-col-100 elementor-field-required\">\n\t\t\t\t\t\t\t\t\t\t\t\t<label for=\"form-field-nimi\" class=\"elementor-field-label\">\n\t\t\t\t\t\t\t\tNimi (*)\t\t\t\t\t\t\t<\/label>\n\t\t\t\t\t\t\t\t\t\t\t\t\t\t<input size=\"1\" type=\"text\" name=\"form_fields[nimi]\" id=\"form-field-nimi\" class=\"elementor-field elementor-size-md  elementor-field-textual\" required=\"required\">\n\t\t\t\t\t\t\t\t\t\t\t<\/div>\n\t\t\t\t\t\t\t\t<div class=\"elementor-field-type-email elementor-field-group elementor-column elementor-field-group-sposti elementor-col-100 elementor-field-required\">\n\t\t\t\t\t\t\t\t\t\t\t\t<label for=\"form-field-sposti\" class=\"elementor-field-label\">\n\t\t\t\t\t\t\t\tS\u00e4hk\u00f6postiosoite (*)\t\t\t\t\t\t\t<\/label>\n\t\t\t\t\t\t\t\t\t\t\t\t\t\t<input size=\"1\" type=\"email\" name=\"form_fields[sposti]\" id=\"form-field-sposti\" class=\"elementor-field elementor-size-md  elementor-field-textual\" placeholder=\"esimerkki@esimerkki.fi\" required=\"required\">\n\t\t\t\t\t\t\t\t\t\t\t<\/div>\n\t\t\t\t\t\t\t\t<div class=\"elementor-field-type-text elementor-field-group elementor-column elementor-field-group-puh elementor-col-100\">\n\t\t\t\t\t\t\t\t\t\t\t\t<label for=\"form-field-puh\" class=\"elementor-field-label\">\n\t\t\t\t\t\t\t\tPuhelinnumero\t\t\t\t\t\t\t<\/label>\n\t\t\t\t\t\t\t\t\t\t\t\t\t\t<input size=\"1\" type=\"text\" name=\"form_fields[puh]\" id=\"form-field-puh\" class=\"elementor-field elementor-size-md  elementor-field-textual\" placeholder=\"040 123 4567\">\n\t\t\t\t\t\t\t\t\t\t\t<\/div>\n\t\t\t\t\t\t\t\t<div class=\"elementor-field-type-text elementor-field-group elementor-column elementor-field-group-aihe elementor-col-100\">\n\t\t\t\t\t\t\t\t\t\t\t\t<label for=\"form-field-aihe\" class=\"elementor-field-label\">\n\t\t\t\t\t\t\t\tAihe\t\t\t\t\t\t\t<\/label>\n\t\t\t\t\t\t\t\t\t\t\t\t\t\t<input size=\"1\" type=\"text\" name=\"form_fields[aihe]\" id=\"form-field-aihe\" class=\"elementor-field elementor-size-md  elementor-field-textual\">\n\t\t\t\t\t\t\t\t\t\t\t<\/div>\n\t\t\t\t\t\t\t\t<div class=\"elementor-field-type-textarea elementor-field-group elementor-column elementor-field-group-viesti elementor-col-100\">\n\t\t\t\t\t\t\t\t\t\t\t\t<label for=\"form-field-viesti\" class=\"elementor-field-label\">\n\t\t\t\t\t\t\t\tViesti\t\t\t\t\t\t\t<\/label>\n\t\t\t\t\t\t<textarea class=\"elementor-field-textual elementor-field  elementor-size-md\" name=\"form_fields[viesti]\" id=\"form-field-viesti\" rows=\"5\"><\/textarea>\t\t\t\t<\/div>\n\t\t\t\t\t\t\t\t<div class=\"elementor-field-type-radio elementor-field-group elementor-column elementor-field-group-haluan_vastauksen elementor-col-100\">\n\t\t\t\t\t\t\t\t\t\t\t\t<label for=\"form-field-haluan_vastauksen\" class=\"elementor-field-label\">\n\t\t\t\t\t\t\t\tHaluan vastauksen\t\t\t\t\t\t\t<\/label>\n\t\t\t\t\t\t<div class=\"elementor-field-subgroup  elementor-subgroup-inline\"><span class=\"elementor-field-option\"><input type=\"radio\" value=\"Kyll\u00e4\" id=\"form-field-haluan_vastauksen-0\" name=\"form_fields[haluan_vastauksen]\"> <label for=\"form-field-haluan_vastauksen-0\">Kyll\u00e4<\/label><\/span><span class=\"elementor-field-option\"><input type=\"radio\" value=\"Ei\" id=\"form-field-haluan_vastauksen-1\" name=\"form_fields[haluan_vastauksen]\"> <label for=\"form-field-haluan_vastauksen-1\">Ei<\/label><\/span><\/div>\t\t\t\t<\/div>\n\t\t\t\t\t\t\t\t<div class=\"elementor-field-group elementor-column elementor-field-type-submit elementor-col-100 e-form__buttons\">\n\t\t\t\t\t<button class=\"elementor-button elementor-size-md\" type=\"submit\">\n\t\t\t\t\t\t<span class=\"elementor-button-content-wrapper\">\n\t\t\t\t\t\t\t\t\t\t\t\t\t\t\t<span class=\"elementor-button-icon\">\n\t\t\t\t\t\t\t\t\t<i class=\"fa fa-angle-double-right\" aria-hidden=\"true\"><\/i>\t\t\t\t\t\t\t\t\t\t\t\t\t\t\t\t\t<\/span>\n\t\t\t\t\t\t\t\t\t\t\t\t\t\t\t\t\t\t\t\t\t\t<span class=\"elementor-button-text\">L\u00e4het\u00e4 yhteydenotto<\/span>\n\t\t\t\t\t\t\t\t\t\t\t\t\t<\/span>\n\t\t\t\t\t<\/button>\n\t\t\t\t<\/div>\n\t\t\t<\/div>\n\t\t<\/form>\n\t\t\t\t\t\t<\/div>\n\t\t\t\t<\/div>\n\t\t\t\t\t<\/div>\n\t\t<\/div>\n\t\t\t\t\t<\/div>\n\t\t<\/section>\n\t\t\t\t<\/div>\n\t\t","protected":false},"excerpt":{"rendered":"<p>Yhteystiedot Kuopion Puutarhaseura ryc\/o Anja R\u00e4m\u00f6Vehmasm\u00e4entie 15670870 Hiltulanlahti Yleinen s\u00e4hk\u00f6postiosoite: info(at)kuopionpuutarhaseura.fi Toimihenkil\u00f6iden s\u00e4hk\u00f6postiosoitteet puheenjohtaja(at)kuopionpuutarhaseura.fi sihteeri(at)kuopionpuutarhaseura.fi jasensihteeri(at)kuopionpuutarhaseura.fi varainhoitaja(at)kuopionpuutarhaseura.fi Yhteydenottolomake Kysy, kommentoi tai vaikkapa ideoi oheisella lomakkeella. Voit esimerkiksi antaa palautetta toimintaamme [&hellip;]<\/p>\n","protected":false},"author":1,"featured_media":8720,"parent":0,"menu_order":12,"comment_status":"closed","ping_status":"closed","template":"","meta":{"site-sidebar-layout":"default","site-content-layout":"default","ast-site-content-layout":"default","site-content-style":"default","site-sidebar-style":"default","ast-global-header-display":"","ast-banner-title-visibility":"","ast-main-header-display":"","ast-hfb-above-header-display":"","ast-hfb-below-header-display":"","ast-hfb-mobile-header-display":"","site-post-title":"","ast-breadcrumbs-content":"","ast-featured-img":"","footer-sml-layout":"","ast-disable-related-posts":"","theme-transparent-header-meta":"default","adv-header-id-meta":"","stick-header-meta":"default","header-above-stick-meta":"","header-main-stick-meta":"","header-below-stick-meta":"","astra-migrate-meta-layouts":"default","ast-page-background-enabled":"default","ast-page-background-meta":{"desktop":{"background-color":"var(--ast-global-color-5)","background-image":"","background-repeat":"repeat","background-position":"center center","background-size":"auto","background-attachment":"scroll","background-type":"","background-media":"","overlay-type":"","overlay-color":"","overlay-opacity":"","overlay-gradient":""},"tablet":{"background-color":"","background-image":"","background-repeat":"repeat","background-position":"center center","background-size":"auto","background-attachment":"scroll","background-type":"","background-media":"","overlay-type":"","overlay-color":"","overlay-opacity":"","overlay-gradient":""},"mobile":{"background-color":"","background-image":"","background-repeat":"repeat","background-position":"center center","background-size":"auto","background-attachment":"scroll","background-type":"","background-media":"","overlay-type":"","overlay-color":"","overlay-opacity":"","overlay-gradient":""}},"ast-content-background-meta":{"desktop":{"background-color":"var(--ast-global-color-4)","background-image":"","background-repeat":"repeat","background-position":"center center","background-size":"auto","background-attachment":"scroll","background-type":"","background-media":"","overlay-type":"","overlay-color":"","overlay-opacity":"","overlay-gradient":""},"tablet":{"background-color":"var(--ast-global-color-4)","background-image":"","background-repeat":"repeat","background-position":"center center","background-size":"auto","background-attachment":"scroll","background-type":"","background-media":"","overlay-type":"","overlay-color":"","overlay-opacity":"","overlay-gradient":""},"mobile":{"background-color":"var(--ast-global-color-4)","background-image":"","background-repeat":"repeat","background-position":"center center","background-size":"auto","background-attachment":"scroll","background-type":"","background-media":"","overlay-type":"","overlay-color":"","overlay-opacity":"","overlay-gradient":""}},"footnotes":""},"class_list":["post-54","page","type-page","status-publish","has-post-thumbnail","hentry"],"yoast_head":"<!-- This site is optimized with the Yoast SEO plugin v27.0 - https:\/\/yoast.com\/product\/yoast-seo-wordpress\/ -->\n<title>Ota yhteytt\u00e4 - Kuopion Puutarhaseura ry<\/title>\n<meta name=\"description\" content=\"Ota yhteytt\u00e4 oheisella lomakkeella. L\u00e4het\u00e4 kysymyksi\u00e4, kommentteja, ideoita tai vaikkapa kehitysehdotuksia koskien esimerkiksi toimintaamme.\" \/>\n<meta name=\"robots\" content=\"index, follow, max-snippet:-1, max-image-preview:large, max-video-preview:-1\" \/>\n<link rel=\"canonical\" href=\"https:\/\/kuopionpuutarhaseura.fi\/paasivusto\/ota-yhteytta\/\" \/>\n<meta property=\"og:locale\" content=\"fi_FI\" \/>\n<meta property=\"og:type\" content=\"article\" \/>\n<meta property=\"og:title\" content=\"Ota yhteytt\u00e4 - Kuopion Puutarhaseura ry\" \/>\n<meta property=\"og:description\" content=\"Ota yhteytt\u00e4 oheisella lomakkeella. L\u00e4het\u00e4 kysymyksi\u00e4, kommentteja, ideoita tai vaikkapa kehitysehdotuksia koskien esimerkiksi toimintaamme.\" \/>\n<meta property=\"og:url\" content=\"https:\/\/kuopionpuutarhaseura.fi\/paasivusto\/ota-yhteytta\/\" \/>\n<meta property=\"og:site_name\" content=\"Kuopion Puutarhaseura ry\" \/>\n<meta property=\"article:publisher\" content=\"https:\/\/www.facebook.com\/kuopionpuutarhaseura\/\" \/>\n<meta property=\"article:modified_time\" content=\"2025-03-04T19:02:10+00:00\" \/>\n<meta property=\"og:image\" content=\"https:\/\/kuopionpuutarhaseura.fi\/paasivusto\/wp-content\/uploads\/2019\/04\/KPSry_201904_20160917_100410-311.jpg\" \/>\n\t<meta property=\"og:image:width\" content=\"1200\" \/>\n\t<meta property=\"og:image:height\" content=\"451\" \/>\n\t<meta property=\"og:image:type\" content=\"image\/jpeg\" \/>\n<meta name=\"twitter:card\" content=\"summary_large_image\" \/>\n<meta name=\"twitter:label1\" content=\"Arvioitu lukuaika\" \/>\n\t<meta name=\"twitter:data1\" content=\"1 minuutti\" \/>\n<script type=\"application\/ld+json\" class=\"yoast-schema-graph\">{\"@context\":\"https:\/\/schema.org\",\"@graph\":[{\"@type\":\"WebPage\",\"@id\":\"https:\/\/kuopionpuutarhaseura.fi\/paasivusto\/ota-yhteytta\/\",\"url\":\"https:\/\/kuopionpuutarhaseura.fi\/paasivusto\/ota-yhteytta\/\",\"name\":\"Ota yhteytt\u00e4 - Kuopion Puutarhaseura ry\",\"isPartOf\":{\"@id\":\"https:\/\/kuopionpuutarhaseura.fi\/paasivusto\/#website\"},\"primaryImageOfPage\":{\"@id\":\"https:\/\/kuopionpuutarhaseura.fi\/paasivusto\/ota-yhteytta\/#primaryimage\"},\"image\":{\"@id\":\"https:\/\/kuopionpuutarhaseura.fi\/paasivusto\/ota-yhteytta\/#primaryimage\"},\"thumbnailUrl\":\"https:\/\/kuopionpuutarhaseura.fi\/paasivusto\/wp-content\/uploads\/2019\/04\/KPSry_201904_20160917_100410-311.jpg\",\"datePublished\":\"2017-10-03T11:40:11+00:00\",\"dateModified\":\"2025-03-04T19:02:10+00:00\",\"description\":\"Ota yhteytt\u00e4 oheisella lomakkeella. L\u00e4het\u00e4 kysymyksi\u00e4, kommentteja, ideoita tai vaikkapa kehitysehdotuksia koskien esimerkiksi toimintaamme.\",\"breadcrumb\":{\"@id\":\"https:\/\/kuopionpuutarhaseura.fi\/paasivusto\/ota-yhteytta\/#breadcrumb\"},\"inLanguage\":\"fi\",\"potentialAction\":[{\"@type\":\"ReadAction\",\"target\":[\"https:\/\/kuopionpuutarhaseura.fi\/paasivusto\/ota-yhteytta\/\"]}]},{\"@type\":\"ImageObject\",\"inLanguage\":\"fi\",\"@id\":\"https:\/\/kuopionpuutarhaseura.fi\/paasivusto\/ota-yhteytta\/#primaryimage\",\"url\":\"https:\/\/kuopionpuutarhaseura.fi\/paasivusto\/wp-content\/uploads\/2019\/04\/KPSry_201904_20160917_100410-311.jpg\",\"contentUrl\":\"https:\/\/kuopionpuutarhaseura.fi\/paasivusto\/wp-content\/uploads\/2019\/04\/KPSry_201904_20160917_100410-311.jpg\",\"width\":1200,\"height\":451},{\"@type\":\"BreadcrumbList\",\"@id\":\"https:\/\/kuopionpuutarhaseura.fi\/paasivusto\/ota-yhteytta\/#breadcrumb\",\"itemListElement\":[{\"@type\":\"ListItem\",\"position\":1,\"name\":\"Etusivu\",\"item\":\"https:\/\/kuopionpuutarhaseura.fi\/paasivusto\/\"},{\"@type\":\"ListItem\",\"position\":2,\"name\":\"Ota yhteytt\u00e4\"}]},{\"@type\":\"WebSite\",\"@id\":\"https:\/\/kuopionpuutarhaseura.fi\/paasivusto\/#website\",\"url\":\"https:\/\/kuopionpuutarhaseura.fi\/paasivusto\/\",\"name\":\"Kuopion Puutarhaseura ry\",\"description\":\"Puutarhaseura Kuopiossa jo vuodesta 1923\",\"publisher\":{\"@id\":\"https:\/\/kuopionpuutarhaseura.fi\/paasivusto\/#organization\"},\"potentialAction\":[{\"@type\":\"SearchAction\",\"target\":{\"@type\":\"EntryPoint\",\"urlTemplate\":\"https:\/\/kuopionpuutarhaseura.fi\/paasivusto\/?s={search_term_string}\"},\"query-input\":{\"@type\":\"PropertyValueSpecification\",\"valueRequired\":true,\"valueName\":\"search_term_string\"}}],\"inLanguage\":\"fi\"},{\"@type\":\"Organization\",\"@id\":\"https:\/\/kuopionpuutarhaseura.fi\/paasivusto\/#organization\",\"name\":\"Kuopion Puutarhaseura ry\",\"url\":\"https:\/\/kuopionpuutarhaseura.fi\/paasivusto\/\",\"logo\":{\"@type\":\"ImageObject\",\"inLanguage\":\"fi\",\"@id\":\"https:\/\/kuopionpuutarhaseura.fi\/paasivusto\/#\/schema\/logo\/image\/\",\"url\":\"https:\/\/kuopionpuutarhaseura.fi\/paasivusto\/wp-content\/uploads\/2019\/05\/Kukkalogo_keltamusta.png\",\"contentUrl\":\"https:\/\/kuopionpuutarhaseura.fi\/paasivusto\/wp-content\/uploads\/2019\/05\/Kukkalogo_keltamusta.png\",\"width\":180,\"height\":172,\"caption\":\"Kuopion Puutarhaseura ry\"},\"image\":{\"@id\":\"https:\/\/kuopionpuutarhaseura.fi\/paasivusto\/#\/schema\/logo\/image\/\"},\"sameAs\":[\"https:\/\/www.facebook.com\/kuopionpuutarhaseura\/\"]}]}<\/script>\n<!-- \/ Yoast SEO plugin. -->","yoast_head_json":{"title":"Ota yhteytt\u00e4 - Kuopion Puutarhaseura ry","description":"Ota yhteytt\u00e4 oheisella lomakkeella. L\u00e4het\u00e4 kysymyksi\u00e4, kommentteja, ideoita tai vaikkapa kehitysehdotuksia koskien esimerkiksi toimintaamme.","robots":{"index":"index","follow":"follow","max-snippet":"max-snippet:-1","max-image-preview":"max-image-preview:large","max-video-preview":"max-video-preview:-1"},"canonical":"https:\/\/kuopionpuutarhaseura.fi\/paasivusto\/ota-yhteytta\/","og_locale":"fi_FI","og_type":"article","og_title":"Ota yhteytt\u00e4 - Kuopion Puutarhaseura ry","og_description":"Ota yhteytt\u00e4 oheisella lomakkeella. L\u00e4het\u00e4 kysymyksi\u00e4, kommentteja, ideoita tai vaikkapa kehitysehdotuksia koskien esimerkiksi toimintaamme.","og_url":"https:\/\/kuopionpuutarhaseura.fi\/paasivusto\/ota-yhteytta\/","og_site_name":"Kuopion Puutarhaseura ry","article_publisher":"https:\/\/www.facebook.com\/kuopionpuutarhaseura\/","article_modified_time":"2025-03-04T19:02:10+00:00","og_image":[{"width":1200,"height":451,"url":"https:\/\/kuopionpuutarhaseura.fi\/paasivusto\/wp-content\/uploads\/2019\/04\/KPSry_201904_20160917_100410-311.jpg","type":"image\/jpeg"}],"twitter_card":"summary_large_image","twitter_misc":{"Arvioitu lukuaika":"1 minuutti"},"schema":{"@context":"https:\/\/schema.org","@graph":[{"@type":"WebPage","@id":"https:\/\/kuopionpuutarhaseura.fi\/paasivusto\/ota-yhteytta\/","url":"https:\/\/kuopionpuutarhaseura.fi\/paasivusto\/ota-yhteytta\/","name":"Ota yhteytt\u00e4 - Kuopion Puutarhaseura ry","isPartOf":{"@id":"https:\/\/kuopionpuutarhaseura.fi\/paasivusto\/#website"},"primaryImageOfPage":{"@id":"https:\/\/kuopionpuutarhaseura.fi\/paasivusto\/ota-yhteytta\/#primaryimage"},"image":{"@id":"https:\/\/kuopionpuutarhaseura.fi\/paasivusto\/ota-yhteytta\/#primaryimage"},"thumbnailUrl":"https:\/\/kuopionpuutarhaseura.fi\/paasivusto\/wp-content\/uploads\/2019\/04\/KPSry_201904_20160917_100410-311.jpg","datePublished":"2017-10-03T11:40:11+00:00","dateModified":"2025-03-04T19:02:10+00:00","description":"Ota yhteytt\u00e4 oheisella lomakkeella. L\u00e4het\u00e4 kysymyksi\u00e4, kommentteja, ideoita tai vaikkapa kehitysehdotuksia koskien esimerkiksi toimintaamme.","breadcrumb":{"@id":"https:\/\/kuopionpuutarhaseura.fi\/paasivusto\/ota-yhteytta\/#breadcrumb"},"inLanguage":"fi","potentialAction":[{"@type":"ReadAction","target":["https:\/\/kuopionpuutarhaseura.fi\/paasivusto\/ota-yhteytta\/"]}]},{"@type":"ImageObject","inLanguage":"fi","@id":"https:\/\/kuopionpuutarhaseura.fi\/paasivusto\/ota-yhteytta\/#primaryimage","url":"https:\/\/kuopionpuutarhaseura.fi\/paasivusto\/wp-content\/uploads\/2019\/04\/KPSry_201904_20160917_100410-311.jpg","contentUrl":"https:\/\/kuopionpuutarhaseura.fi\/paasivusto\/wp-content\/uploads\/2019\/04\/KPSry_201904_20160917_100410-311.jpg","width":1200,"height":451},{"@type":"BreadcrumbList","@id":"https:\/\/kuopionpuutarhaseura.fi\/paasivusto\/ota-yhteytta\/#breadcrumb","itemListElement":[{"@type":"ListItem","position":1,"name":"Etusivu","item":"https:\/\/kuopionpuutarhaseura.fi\/paasivusto\/"},{"@type":"ListItem","position":2,"name":"Ota yhteytt\u00e4"}]},{"@type":"WebSite","@id":"https:\/\/kuopionpuutarhaseura.fi\/paasivusto\/#website","url":"https:\/\/kuopionpuutarhaseura.fi\/paasivusto\/","name":"Kuopion Puutarhaseura ry","description":"Puutarhaseura Kuopiossa jo vuodesta 1923","publisher":{"@id":"https:\/\/kuopionpuutarhaseura.fi\/paasivusto\/#organization"},"potentialAction":[{"@type":"SearchAction","target":{"@type":"EntryPoint","urlTemplate":"https:\/\/kuopionpuutarhaseura.fi\/paasivusto\/?s={search_term_string}"},"query-input":{"@type":"PropertyValueSpecification","valueRequired":true,"valueName":"search_term_string"}}],"inLanguage":"fi"},{"@type":"Organization","@id":"https:\/\/kuopionpuutarhaseura.fi\/paasivusto\/#organization","name":"Kuopion Puutarhaseura ry","url":"https:\/\/kuopionpuutarhaseura.fi\/paasivusto\/","logo":{"@type":"ImageObject","inLanguage":"fi","@id":"https:\/\/kuopionpuutarhaseura.fi\/paasivusto\/#\/schema\/logo\/image\/","url":"https:\/\/kuopionpuutarhaseura.fi\/paasivusto\/wp-content\/uploads\/2019\/05\/Kukkalogo_keltamusta.png","contentUrl":"https:\/\/kuopionpuutarhaseura.fi\/paasivusto\/wp-content\/uploads\/2019\/05\/Kukkalogo_keltamusta.png","width":180,"height":172,"caption":"Kuopion Puutarhaseura ry"},"image":{"@id":"https:\/\/kuopionpuutarhaseura.fi\/paasivusto\/#\/schema\/logo\/image\/"},"sameAs":["https:\/\/www.facebook.com\/kuopionpuutarhaseura\/"]}]}},"_links":{"self":[{"href":"https:\/\/kuopionpuutarhaseura.fi\/paasivusto\/wp-json\/wp\/v2\/pages\/54","targetHints":{"allow":["GET"]}}],"collection":[{"href":"https:\/\/kuopionpuutarhaseura.fi\/paasivusto\/wp-json\/wp\/v2\/pages"}],"about":[{"href":"https:\/\/kuopionpuutarhaseura.fi\/paasivusto\/wp-json\/wp\/v2\/types\/page"}],"author":[{"embeddable":true,"href":"https:\/\/kuopionpuutarhaseura.fi\/paasivusto\/wp-json\/wp\/v2\/users\/1"}],"replies":[{"embeddable":true,"href":"https:\/\/kuopionpuutarhaseura.fi\/paasivusto\/wp-json\/wp\/v2\/comments?post=54"}],"version-history":[{"count":0,"href":"https:\/\/kuopionpuutarhaseura.fi\/paasivusto\/wp-json\/wp\/v2\/pages\/54\/revisions"}],"wp:featuredmedia":[{"embeddable":true,"href":"https:\/\/kuopionpuutarhaseura.fi\/paasivusto\/wp-json\/wp\/v2\/media\/8720"}],"wp:attachment":[{"href":"https:\/\/kuopionpuutarhaseura.fi\/paasivusto\/wp-json\/wp\/v2\/media?parent=54"}],"curies":[{"name":"wp","href":"https:\/\/api.w.org\/{rel}","templated":true}]}}