{"id":6267,"date":"2017-11-08T15:51:38","date_gmt":"2017-11-08T13:51:38","guid":{"rendered":"\/\/www.kuopionpuutarhaseura.fi\/?page_id=6267"},"modified":"2022-07-12T16:44:57","modified_gmt":"2022-07-12T13:44:57","slug":"jasenten-blogit","status":"publish","type":"page","link":"https:\/\/kuopionpuutarhaseura.fi\/paasivusto\/ajankohtaista\/jasenten-blogit\/","title":{"rendered":"J\u00e4senten blogit"},"content":{"rendered":"\n<p>Sivulle kootaan linkkilista Puutarhaseuran j\u00e4senten yll\u00e4pit\u00e4mist\u00e4 puutarhablogeista. Jos haluat blogisi listattavan t\u00e4lle sivulle ja olet seuran j\u00e4sen, voit ilmoittaa halukkuudestasi <a rel=\"noreferrer noopener\" href=\"\/\/www.kuopionpuutarhaseura.fi\/ota-yhteytta\/\" target=\"_blank\">yhteydenottolomakkeen<\/a> kautta.<\/p>\n\n\n\n<div class=\"wp-block-columns alignfull has-2-columns is-layout-flex wp-container-core-columns-is-layout-28f84493 wp-block-columns-is-layout-flex\">\n<div class=\"wp-block-column is-layout-flow wp-block-column-is-layout-flow\">\n<figure class=\"wp-block-image\"><img fetchpriority=\"high\" decoding=\"async\" width=\"1127\" height=\"751\" src=\"https:\/\/kuopionpuutarhseura.fi\/paasivusto\/paasivusto\/sisallot\/uploads\/2017\/11\/Minnan_puutarhaunelmia.jpg\" alt=\"\" class=\"wp-image-6289\" srcset=\"https:\/\/kuopionpuutarhaseura.fi\/paasivusto\/wp-content\/uploads\/2017\/11\/Minnan_puutarhaunelmia.jpg 1127w, https:\/\/kuopionpuutarhaseura.fi\/paasivusto\/wp-content\/uploads\/2017\/11\/Minnan_puutarhaunelmia-768x512.jpg 768w\" sizes=\"(max-width: 1127px) 100vw, 1127px\" \/><\/figure>\n<\/div>\n\n\n\n<div class=\"wp-block-column is-layout-flow wp-block-column-is-layout-flow\">\n<p>Blogi<\/p>\n\n\n\n<h4 class=\"wp-block-heading\"><a href=\"\/\/minnanpuutarhaunelmia.blogspot.fi\/\" target=\"_blank\" rel=\"noreferrer noopener\">Minnan Puutarhaunelmia<\/a><\/h4>\n<\/div>\n<\/div>\n\n\n\n<div class=\"wp-block-columns alignfull has-2-columns is-layout-flex wp-container-core-columns-is-layout-28f84493 wp-block-columns-is-layout-flex\">\n<div class=\"wp-block-column is-layout-flow wp-block-column-is-layout-flow\">\n<figure class=\"wp-block-image\"><img decoding=\"async\" width=\"996\" height=\"323\" data-src=\"https:\/\/kuopionpuutarhseura.fi\/paasivusto\/paasivusto\/sisallot\/uploads\/2017\/11\/Puutarhahetki_blogi.jpg\" alt=\"\" class=\"wp-image-6291 lazyload\" data-srcset=\"https:\/\/kuopionpuutarhaseura.fi\/paasivusto\/wp-content\/uploads\/2017\/11\/Puutarhahetki_blogi.jpg 996w, https:\/\/kuopionpuutarhaseura.fi\/paasivusto\/wp-content\/uploads\/2017\/11\/Puutarhahetki_blogi-768x249.jpg 768w\" data-sizes=\"(max-width: 996px) 100vw, 996px\" src=\"data:image\/svg+xml;base64,PHN2ZyB3aWR0aD0iMSIgaGVpZ2h0PSIxIiB4bWxucz0iaHR0cDovL3d3dy53My5vcmcvMjAwMC9zdmciPjwvc3ZnPg==\" style=\"--smush-placeholder-width: 996px; --smush-placeholder-aspect-ratio: 996\/323;\" \/><\/figure>\n<\/div>\n\n\n\n<div class=\"wp-block-column is-layout-flow wp-block-column-is-layout-flow\">\n<p>Blogi<\/p>\n\n\n\n<h4 class=\"wp-block-heading\"><a href=\"http:\/\/puutarhahetki.blogspot.com\/\">Puutarhahetki<\/a><\/h4>\n<\/div>\n<\/div>\n\n\n\n<div class=\"wp-block-columns alignfull has-1-columns is-layout-flex wp-container-core-columns-is-layout-28f84493 wp-block-columns-is-layout-flex\">\n<div class=\"wp-block-column is-layout-flow wp-block-column-is-layout-flow\"><\/div>\n<\/div>\n\n\n\n<div class=\"wp-block-columns has-2-columns is-layout-flex wp-container-core-columns-is-layout-28f84493 wp-block-columns-is-layout-flex\">\n<div class=\"wp-block-column is-layout-flow wp-block-column-is-layout-flow\">\n<p><\/p>\n<\/div>\n\n\n\n<div class=\"wp-block-column is-layout-flow wp-block-column-is-layout-flow\"><\/div>\n<\/div>\n","protected":false},"excerpt":{"rendered":"<p>Sivulle kootaan linkkilista Puutarhaseuran j\u00e4senten yll\u00e4pit\u00e4mist\u00e4 puutarhablogeista. Jos haluat blogisi listattavan t\u00e4lle sivulle ja olet seuran j\u00e4sen, voit ilmoittaa halukkuudestasi yhteydenottolomakkeen kautta. Blogi Minnan Puutarhaunelmia Blogi Puutarhahetki<\/p>\n","protected":false},"author":1,"featured_media":8712,"parent":40,"menu_order":4,"comment_status":"closed","ping_status":"closed","template":"","meta":{"site-sidebar-layout":"default","site-content-layout":"default","ast-site-content-layout":"default","site-content-style":"default","site-sidebar-style":"default","ast-global-header-display":"","ast-banner-title-visibility":"","ast-main-header-display":"","ast-hfb-above-header-display":"","ast-hfb-below-header-display":"","ast-hfb-mobile-header-display":"","site-post-title":"","ast-breadcrumbs-content":"","ast-featured-img":"","footer-sml-layout":"","ast-disable-related-posts":"","theme-transparent-header-meta":"default","adv-header-id-meta":"","stick-header-meta":"default","header-above-stick-meta":"","header-main-stick-meta":"","header-below-stick-meta":"","astra-migrate-meta-layouts":"default","ast-page-background-enabled":"default","ast-page-background-meta":{"desktop":{"background-color":"var(--ast-global-color-5)","background-image":"","background-repeat":"repeat","background-position":"center center","background-size":"auto","background-attachment":"scroll","background-type":"","background-media":"","overlay-type":"","overlay-color":"","overlay-opacity":"","overlay-gradient":""},"tablet":{"background-color":"","background-image":"","background-repeat":"repeat","background-position":"center center","background-size":"auto","background-attachment":"scroll","background-type":"","background-media":"","overlay-type":"","overlay-color":"","overlay-opacity":"","overlay-gradient":""},"mobile":{"background-color":"","background-image":"","background-repeat":"repeat","background-position":"center center","background-size":"auto","background-attachment":"scroll","background-type":"","background-media":"","overlay-type":"","overlay-color":"","overlay-opacity":"","overlay-gradient":""}},"ast-content-background-meta":{"desktop":{"background-color":"var(--ast-global-color-4)","background-image":"","background-repeat":"repeat","background-position":"center center","background-size":"auto","background-attachment":"scroll","background-type":"","background-media":"","overlay-type":"","overlay-color":"","overlay-opacity":"","overlay-gradient":""},"tablet":{"background-color":"var(--ast-global-color-4)","background-image":"","background-repeat":"repeat","background-position":"center center","background-size":"auto","background-attachment":"scroll","background-type":"","background-media":"","overlay-type":"","overlay-color":"","overlay-opacity":"","overlay-gradient":""},"mobile":{"background-color":"var(--ast-global-color-4)","background-image":"","background-repeat":"repeat","background-position":"center center","background-size":"auto","background-attachment":"scroll","background-type":"","background-media":"","overlay-type":"","overlay-color":"","overlay-opacity":"","overlay-gradient":""}},"footnotes":""},"class_list":["post-6267","page","type-page","status-publish","has-post-thumbnail","hentry"],"yoast_head":"<!-- This site is optimized with the Yoast SEO plugin v27.0 - https:\/\/yoast.com\/product\/yoast-seo-wordpress\/ -->\n<title>J\u00e4senten blogit - Kuopion Puutarhaseura ry<\/title>\n<meta name=\"robots\" content=\"index, follow, max-snippet:-1, max-image-preview:large, max-video-preview:-1\" \/>\n<link rel=\"canonical\" href=\"https:\/\/kuopionpuutarhaseura.fi\/paasivusto\/ajankohtaista\/jasenten-blogit\/\" \/>\n<meta property=\"og:locale\" content=\"fi_FI\" \/>\n<meta property=\"og:type\" content=\"article\" \/>\n<meta property=\"og:title\" content=\"J\u00e4senten blogit - Kuopion Puutarhaseura ry\" \/>\n<meta property=\"og:description\" content=\"Sivulle kootaan linkkilista Puutarhaseuran j\u00e4senten yll\u00e4pit\u00e4mist\u00e4 puutarhablogeista. Jos haluat blogisi listattavan t\u00e4lle sivulle ja olet seuran j\u00e4sen, voit ilmoittaa halukkuudestasi yhteydenottolomakkeen kautta. Blogi Minnan Puutarhaunelmia Blogi Puutarhahetki\" \/>\n<meta property=\"og:url\" content=\"https:\/\/kuopionpuutarhaseura.fi\/paasivusto\/ajankohtaista\/jasenten-blogit\/\" \/>\n<meta property=\"og:site_name\" content=\"Kuopion Puutarhaseura ry\" \/>\n<meta property=\"article:publisher\" content=\"https:\/\/www.facebook.com\/kuopionpuutarhaseura\/\" \/>\n<meta property=\"article:modified_time\" content=\"2022-07-12T13:44:57+00:00\" \/>\n<meta property=\"og:image\" content=\"https:\/\/kuopionpuutarhaseura.fi\/paasivusto\/wp-content\/uploads\/2019\/04\/KPSry_201904_20150419_112431-303.jpg\" \/>\n\t<meta property=\"og:image:width\" content=\"1200\" \/>\n\t<meta property=\"og:image:height\" content=\"482\" \/>\n\t<meta property=\"og:image:type\" content=\"image\/jpeg\" \/>\n<meta name=\"twitter:card\" content=\"summary_large_image\" \/>\n<meta name=\"twitter:label1\" content=\"Arvioitu lukuaika\" \/>\n\t<meta name=\"twitter:data1\" content=\"1 minuutti\" \/>\n<script type=\"application\/ld+json\" class=\"yoast-schema-graph\">{\"@context\":\"https:\/\/schema.org\",\"@graph\":[{\"@type\":\"WebPage\",\"@id\":\"https:\/\/kuopionpuutarhaseura.fi\/paasivusto\/ajankohtaista\/jasenten-blogit\/\",\"url\":\"https:\/\/kuopionpuutarhaseura.fi\/paasivusto\/ajankohtaista\/jasenten-blogit\/\",\"name\":\"J\u00e4senten blogit - Kuopion Puutarhaseura ry\",\"isPartOf\":{\"@id\":\"https:\/\/kuopionpuutarhaseura.fi\/paasivusto\/#website\"},\"primaryImageOfPage\":{\"@id\":\"https:\/\/kuopionpuutarhaseura.fi\/paasivusto\/ajankohtaista\/jasenten-blogit\/#primaryimage\"},\"image\":{\"@id\":\"https:\/\/kuopionpuutarhaseura.fi\/paasivusto\/ajankohtaista\/jasenten-blogit\/#primaryimage\"},\"thumbnailUrl\":\"https:\/\/kuopionpuutarhaseura.fi\/paasivusto\/wp-content\/uploads\/2019\/04\/KPSry_201904_20150419_112431-303.jpg\",\"datePublished\":\"2017-11-08T13:51:38+00:00\",\"dateModified\":\"2022-07-12T13:44:57+00:00\",\"breadcrumb\":{\"@id\":\"https:\/\/kuopionpuutarhaseura.fi\/paasivusto\/ajankohtaista\/jasenten-blogit\/#breadcrumb\"},\"inLanguage\":\"fi\",\"potentialAction\":[{\"@type\":\"ReadAction\",\"target\":[\"https:\/\/kuopionpuutarhaseura.fi\/paasivusto\/ajankohtaista\/jasenten-blogit\/\"]}]},{\"@type\":\"ImageObject\",\"inLanguage\":\"fi\",\"@id\":\"https:\/\/kuopionpuutarhaseura.fi\/paasivusto\/ajankohtaista\/jasenten-blogit\/#primaryimage\",\"url\":\"https:\/\/kuopionpuutarhaseura.fi\/paasivusto\/wp-content\/uploads\/2019\/04\/KPSry_201904_20150419_112431-303.jpg\",\"contentUrl\":\"https:\/\/kuopionpuutarhaseura.fi\/paasivusto\/wp-content\/uploads\/2019\/04\/KPSry_201904_20150419_112431-303.jpg\",\"width\":1200,\"height\":482},{\"@type\":\"BreadcrumbList\",\"@id\":\"https:\/\/kuopionpuutarhaseura.fi\/paasivusto\/ajankohtaista\/jasenten-blogit\/#breadcrumb\",\"itemListElement\":[{\"@type\":\"ListItem\",\"position\":1,\"name\":\"Etusivu\",\"item\":\"https:\/\/kuopionpuutarhaseura.fi\/paasivusto\/\"},{\"@type\":\"ListItem\",\"position\":2,\"name\":\"Ajankohtaista\",\"item\":\"https:\/\/kuopionpuutarhaseura.fi\/paasivusto\/ajankohtaista\/\"},{\"@type\":\"ListItem\",\"position\":3,\"name\":\"J\u00e4senten blogit\"}]},{\"@type\":\"WebSite\",\"@id\":\"https:\/\/kuopionpuutarhaseura.fi\/paasivusto\/#website\",\"url\":\"https:\/\/kuopionpuutarhaseura.fi\/paasivusto\/\",\"name\":\"Kuopion Puutarhaseura ry\",\"description\":\"Puutarhaseura Kuopiossa jo vuodesta 1923\",\"publisher\":{\"@id\":\"https:\/\/kuopionpuutarhaseura.fi\/paasivusto\/#organization\"},\"potentialAction\":[{\"@type\":\"SearchAction\",\"target\":{\"@type\":\"EntryPoint\",\"urlTemplate\":\"https:\/\/kuopionpuutarhaseura.fi\/paasivusto\/?s={search_term_string}\"},\"query-input\":{\"@type\":\"PropertyValueSpecification\",\"valueRequired\":true,\"valueName\":\"search_term_string\"}}],\"inLanguage\":\"fi\"},{\"@type\":\"Organization\",\"@id\":\"https:\/\/kuopionpuutarhaseura.fi\/paasivusto\/#organization\",\"name\":\"Kuopion Puutarhaseura ry\",\"url\":\"https:\/\/kuopionpuutarhaseura.fi\/paasivusto\/\",\"logo\":{\"@type\":\"ImageObject\",\"inLanguage\":\"fi\",\"@id\":\"https:\/\/kuopionpuutarhaseura.fi\/paasivusto\/#\/schema\/logo\/image\/\",\"url\":\"https:\/\/kuopionpuutarhaseura.fi\/paasivusto\/wp-content\/uploads\/2019\/05\/Kukkalogo_keltamusta.png\",\"contentUrl\":\"https:\/\/kuopionpuutarhaseura.fi\/paasivusto\/wp-content\/uploads\/2019\/05\/Kukkalogo_keltamusta.png\",\"width\":180,\"height\":172,\"caption\":\"Kuopion Puutarhaseura ry\"},\"image\":{\"@id\":\"https:\/\/kuopionpuutarhaseura.fi\/paasivusto\/#\/schema\/logo\/image\/\"},\"sameAs\":[\"https:\/\/www.facebook.com\/kuopionpuutarhaseura\/\"]}]}<\/script>\n<!-- \/ Yoast SEO plugin. -->","yoast_head_json":{"title":"J\u00e4senten blogit - Kuopion Puutarhaseura ry","robots":{"index":"index","follow":"follow","max-snippet":"max-snippet:-1","max-image-preview":"max-image-preview:large","max-video-preview":"max-video-preview:-1"},"canonical":"https:\/\/kuopionpuutarhaseura.fi\/paasivusto\/ajankohtaista\/jasenten-blogit\/","og_locale":"fi_FI","og_type":"article","og_title":"J\u00e4senten blogit - Kuopion Puutarhaseura ry","og_description":"Sivulle kootaan linkkilista Puutarhaseuran j\u00e4senten yll\u00e4pit\u00e4mist\u00e4 puutarhablogeista. Jos haluat blogisi listattavan t\u00e4lle sivulle ja olet seuran j\u00e4sen, voit ilmoittaa halukkuudestasi yhteydenottolomakkeen kautta. Blogi Minnan Puutarhaunelmia Blogi Puutarhahetki","og_url":"https:\/\/kuopionpuutarhaseura.fi\/paasivusto\/ajankohtaista\/jasenten-blogit\/","og_site_name":"Kuopion Puutarhaseura ry","article_publisher":"https:\/\/www.facebook.com\/kuopionpuutarhaseura\/","article_modified_time":"2022-07-12T13:44:57+00:00","og_image":[{"width":1200,"height":482,"url":"https:\/\/kuopionpuutarhaseura.fi\/paasivusto\/wp-content\/uploads\/2019\/04\/KPSry_201904_20150419_112431-303.jpg","type":"image\/jpeg"}],"twitter_card":"summary_large_image","twitter_misc":{"Arvioitu lukuaika":"1 minuutti"},"schema":{"@context":"https:\/\/schema.org","@graph":[{"@type":"WebPage","@id":"https:\/\/kuopionpuutarhaseura.fi\/paasivusto\/ajankohtaista\/jasenten-blogit\/","url":"https:\/\/kuopionpuutarhaseura.fi\/paasivusto\/ajankohtaista\/jasenten-blogit\/","name":"J\u00e4senten blogit - Kuopion Puutarhaseura ry","isPartOf":{"@id":"https:\/\/kuopionpuutarhaseura.fi\/paasivusto\/#website"},"primaryImageOfPage":{"@id":"https:\/\/kuopionpuutarhaseura.fi\/paasivusto\/ajankohtaista\/jasenten-blogit\/#primaryimage"},"image":{"@id":"https:\/\/kuopionpuutarhaseura.fi\/paasivusto\/ajankohtaista\/jasenten-blogit\/#primaryimage"},"thumbnailUrl":"https:\/\/kuopionpuutarhaseura.fi\/paasivusto\/wp-content\/uploads\/2019\/04\/KPSry_201904_20150419_112431-303.jpg","datePublished":"2017-11-08T13:51:38+00:00","dateModified":"2022-07-12T13:44:57+00:00","breadcrumb":{"@id":"https:\/\/kuopionpuutarhaseura.fi\/paasivusto\/ajankohtaista\/jasenten-blogit\/#breadcrumb"},"inLanguage":"fi","potentialAction":[{"@type":"ReadAction","target":["https:\/\/kuopionpuutarhaseura.fi\/paasivusto\/ajankohtaista\/jasenten-blogit\/"]}]},{"@type":"ImageObject","inLanguage":"fi","@id":"https:\/\/kuopionpuutarhaseura.fi\/paasivusto\/ajankohtaista\/jasenten-blogit\/#primaryimage","url":"https:\/\/kuopionpuutarhaseura.fi\/paasivusto\/wp-content\/uploads\/2019\/04\/KPSry_201904_20150419_112431-303.jpg","contentUrl":"https:\/\/kuopionpuutarhaseura.fi\/paasivusto\/wp-content\/uploads\/2019\/04\/KPSry_201904_20150419_112431-303.jpg","width":1200,"height":482},{"@type":"BreadcrumbList","@id":"https:\/\/kuopionpuutarhaseura.fi\/paasivusto\/ajankohtaista\/jasenten-blogit\/#breadcrumb","itemListElement":[{"@type":"ListItem","position":1,"name":"Etusivu","item":"https:\/\/kuopionpuutarhaseura.fi\/paasivusto\/"},{"@type":"ListItem","position":2,"name":"Ajankohtaista","item":"https:\/\/kuopionpuutarhaseura.fi\/paasivusto\/ajankohtaista\/"},{"@type":"ListItem","position":3,"name":"J\u00e4senten blogit"}]},{"@type":"WebSite","@id":"https:\/\/kuopionpuutarhaseura.fi\/paasivusto\/#website","url":"https:\/\/kuopionpuutarhaseura.fi\/paasivusto\/","name":"Kuopion Puutarhaseura ry","description":"Puutarhaseura Kuopiossa jo vuodesta 1923","publisher":{"@id":"https:\/\/kuopionpuutarhaseura.fi\/paasivusto\/#organization"},"potentialAction":[{"@type":"SearchAction","target":{"@type":"EntryPoint","urlTemplate":"https:\/\/kuopionpuutarhaseura.fi\/paasivusto\/?s={search_term_string}"},"query-input":{"@type":"PropertyValueSpecification","valueRequired":true,"valueName":"search_term_string"}}],"inLanguage":"fi"},{"@type":"Organization","@id":"https:\/\/kuopionpuutarhaseura.fi\/paasivusto\/#organization","name":"Kuopion Puutarhaseura ry","url":"https:\/\/kuopionpuutarhaseura.fi\/paasivusto\/","logo":{"@type":"ImageObject","inLanguage":"fi","@id":"https:\/\/kuopionpuutarhaseura.fi\/paasivusto\/#\/schema\/logo\/image\/","url":"https:\/\/kuopionpuutarhaseura.fi\/paasivusto\/wp-content\/uploads\/2019\/05\/Kukkalogo_keltamusta.png","contentUrl":"https:\/\/kuopionpuutarhaseura.fi\/paasivusto\/wp-content\/uploads\/2019\/05\/Kukkalogo_keltamusta.png","width":180,"height":172,"caption":"Kuopion Puutarhaseura ry"},"image":{"@id":"https:\/\/kuopionpuutarhaseura.fi\/paasivusto\/#\/schema\/logo\/image\/"},"sameAs":["https:\/\/www.facebook.com\/kuopionpuutarhaseura\/"]}]}},"_links":{"self":[{"href":"https:\/\/kuopionpuutarhaseura.fi\/paasivusto\/wp-json\/wp\/v2\/pages\/6267","targetHints":{"allow":["GET"]}}],"collection":[{"href":"https:\/\/kuopionpuutarhaseura.fi\/paasivusto\/wp-json\/wp\/v2\/pages"}],"about":[{"href":"https:\/\/kuopionpuutarhaseura.fi\/paasivusto\/wp-json\/wp\/v2\/types\/page"}],"author":[{"embeddable":true,"href":"https:\/\/kuopionpuutarhaseura.fi\/paasivusto\/wp-json\/wp\/v2\/users\/1"}],"replies":[{"embeddable":true,"href":"https:\/\/kuopionpuutarhaseura.fi\/paasivusto\/wp-json\/wp\/v2\/comments?post=6267"}],"version-history":[{"count":0,"href":"https:\/\/kuopionpuutarhaseura.fi\/paasivusto\/wp-json\/wp\/v2\/pages\/6267\/revisions"}],"up":[{"embeddable":true,"href":"https:\/\/kuopionpuutarhaseura.fi\/paasivusto\/wp-json\/wp\/v2\/pages\/40"}],"wp:featuredmedia":[{"embeddable":true,"href":"https:\/\/kuopionpuutarhaseura.fi\/paasivusto\/wp-json\/wp\/v2\/media\/8712"}],"wp:attachment":[{"href":"https:\/\/kuopionpuutarhaseura.fi\/paasivusto\/wp-json\/wp\/v2\/media?parent=6267"}],"curies":[{"name":"wp","href":"https:\/\/api.w.org\/{rel}","templated":true}]}}