{"id":6306,"date":"2017-11-08T16:46:47","date_gmt":"2017-11-08T14:46:47","guid":{"rendered":"\/\/www.kuopionpuutarhaseura.fi\/?page_id=6306"},"modified":"2025-03-26T21:11:32","modified_gmt":"2025-03-26T19:11:32","slug":"jasenille","status":"publish","type":"page","link":"https:\/\/kuopionpuutarhaseura.fi\/paasivusto\/jasenille\/","title":{"rendered":"J\u00e4senille"},"content":{"rendered":"\t\t<div data-elementor-type=\"wp-post\" data-elementor-id=\"6306\" class=\"elementor elementor-6306\" data-elementor-post-type=\"page\">\n\t\t\t\t\t\t<section class=\"elementor-section elementor-top-section elementor-element elementor-element-5ca37bfc elementor-section-boxed elementor-section-height-default elementor-section-height-default\" data-id=\"5ca37bfc\" data-element_type=\"section\" data-e-type=\"section\">\n\t\t\t\t\t\t<div class=\"elementor-container elementor-column-gap-default\">\n\t\t\t\t\t<div class=\"elementor-column elementor-col-100 elementor-top-column elementor-element elementor-element-76aa3e0c\" data-id=\"76aa3e0c\" data-element_type=\"column\" data-e-type=\"column\">\n\t\t\t<div class=\"elementor-widget-wrap elementor-element-populated\">\n\t\t\t\t\t\t<div class=\"elementor-element elementor-element-31471a3 elementor-widget elementor-widget-text-editor\" data-id=\"31471a3\" data-element_type=\"widget\" data-e-type=\"widget\" data-widget_type=\"text-editor.default\">\n\t\t\t\t<div class=\"elementor-widget-container\">\n\t\t\t\t\t\t\t\t\t\n<p>Tutustu tarkemmin puutarhaseuran <a href=\"https:\/\/kuopionpuutarhaseura.fi\/paasivusto\/yhdistys\/liity-jaseneksi\/\">j\u00e4senetuihin<\/a>.<\/p>\n<p>Napsauta alla olevia kuvakkeita, joiden sis\u00e4lt\u00e4m\u00e4\u00e4 tietoa haluat lukea.<\/p>\n\t\t\t\t\t\t\t\t<\/div>\n\t\t\t\t<\/div>\n\t\t\t\t\t<\/div>\n\t\t<\/div>\n\t\t\t\t\t<\/div>\n\t\t<\/section>\n\t\t\t\t<section class=\"elementor-section elementor-top-section elementor-element elementor-element-be9941d elementor-section-boxed elementor-section-height-default elementor-section-height-default\" data-id=\"be9941d\" data-element_type=\"section\" data-e-type=\"section\">\n\t\t\t\t\t\t<div class=\"elementor-container elementor-column-gap-default\">\n\t\t\t\t\t<div class=\"elementor-column elementor-col-100 elementor-top-column elementor-element elementor-element-1f6fd9d\" data-id=\"1f6fd9d\" data-element_type=\"column\" data-e-type=\"column\">\n\t\t\t<div class=\"elementor-widget-wrap elementor-element-populated\">\n\t\t\t\t\t\t<div class=\"elementor-element elementor-element-8151b83 elementor-widget elementor-widget-toggle\" data-id=\"8151b83\" data-element_type=\"widget\" data-e-type=\"widget\" data-widget_type=\"toggle.default\">\n\t\t\t\t<div class=\"elementor-widget-container\">\n\t\t\t\t\t\t\t<div class=\"elementor-toggle\">\n\t\t\t\t\t\t\t<div class=\"elementor-toggle-item\">\n\t\t\t\t\t<div id=\"elementor-tab-title-1351\" class=\"elementor-tab-title\" data-tab=\"1\" role=\"button\" aria-controls=\"elementor-tab-content-1351\" aria-expanded=\"false\">\n\t\t\t\t\t\t\t\t\t\t\t\t<span class=\"elementor-toggle-icon elementor-toggle-icon-left\" aria-hidden=\"true\">\n\t\t\t\t\t\t\t\t\t\t\t\t\t\t\t<span class=\"elementor-toggle-icon-closed\"><i class=\"fas fa-caret-right\"><\/i><\/span>\n\t\t\t\t\t\t\t\t<span class=\"elementor-toggle-icon-opened\"><i class=\"elementor-toggle-icon-opened fas fa-caret-up\"><\/i><\/span>\n\t\t\t\t\t\t\t\t\t\t\t\t\t<\/span>\n\t\t\t\t\t\t\t\t\t\t\t\t<a class=\"elementor-toggle-title\" tabindex=\"0\">J\u00e4senkirjeet<\/a>\n\t\t\t\t\t<\/div>\n\n\t\t\t\t\t<div id=\"elementor-tab-content-1351\" class=\"elementor-tab-content elementor-clearfix\" data-tab=\"1\" role=\"region\" aria-labelledby=\"elementor-tab-title-1351\"><p><span class=\"wpmf_mce-wrap\" style=\"overflow: hidden;\" data-file=\"10710\"><a class=\"wpmf-defile wpmf_mce-single-child\" href=\"https:\/\/kuopionpuutarhaseura.fi\/paasivusto\/sisallot\/uploads\/2024\/04\/Jasenkirje-2023.pdf\" target=\"\" data-id=\"10710\"><span class=\"wpmf_mce-single-child\" style=\"font-weight: bold;\">J\u00e4senkirje 2023<\/span><br \/><span class=\"wpmf_mce-single-child\" style=\"font-weight: normal; font-size: 0.8em;\"><b class=\"wpmf_mce-single-child\">Koko : <\/b>572.2 kB<b class=\"wpmf_mce-single-child\"> Format : <\/b>PDF<\/span><\/a><\/span><\/p>\n<p><span class=\"wpmf_mce-wrap\" style=\"overflow: hidden;\" data-file=\"10191\"><a class=\"wpmf-defile wpmf_mce-single-child\" href=\"https:\/\/kuopionpuutarhaseura.fi\/paasivusto\/sisallot\/uploads\/2022\/04\/Jasenkirje-2022.pdf\" target=\"\" data-id=\"10191\"><span class=\"wpmf_mce-single-child\" style=\"font-weight: bold;\">J\u00e4senkirje 2022<\/span><br \/><span class=\"wpmf_mce-single-child\" style=\"font-weight: normal; font-size: 0.8em;\"><b class=\"wpmf_mce-single-child\">Koko : <\/b>221.4 kB<b class=\"wpmf_mce-single-child\"> Format : <\/b>PDF<\/span><\/a><\/span><\/p><\/div>\n\t\t\t\t<\/div>\n\t\t\t\t\t\t\t\t<\/div>\n\t\t\t\t\t\t<\/div>\n\t\t\t\t<\/div>\n\t\t\t\t<div class=\"elementor-element elementor-element-7be9fc2 elementor-widget elementor-widget-toggle\" data-id=\"7be9fc2\" data-element_type=\"widget\" data-e-type=\"widget\" data-widget_type=\"toggle.default\">\n\t\t\t\t<div class=\"elementor-widget-container\">\n\t\t\t\t\t\t\t<div class=\"elementor-toggle\">\n\t\t\t\t\t\t\t<div class=\"elementor-toggle-item\">\n\t\t\t\t\t<div id=\"elementor-tab-title-1291\" class=\"elementor-tab-title\" data-tab=\"1\" role=\"button\" aria-controls=\"elementor-tab-content-1291\" aria-expanded=\"false\">\n\t\t\t\t\t\t\t\t\t\t\t\t<span class=\"elementor-toggle-icon elementor-toggle-icon-left\" aria-hidden=\"true\">\n\t\t\t\t\t\t\t\t\t\t\t\t\t\t\t<span class=\"elementor-toggle-icon-closed\"><i class=\"fas fa-caret-right\"><\/i><\/span>\n\t\t\t\t\t\t\t\t<span class=\"elementor-toggle-icon-opened\"><i class=\"elementor-toggle-icon-opened fas fa-caret-up\"><\/i><\/span>\n\t\t\t\t\t\t\t\t\t\t\t\t\t<\/span>\n\t\t\t\t\t\t\t\t\t\t\t\t<a class=\"elementor-toggle-title\" tabindex=\"0\">Toimintasuunnitelmat<\/a>\n\t\t\t\t\t<\/div>\n\n\t\t\t\t\t<div id=\"elementor-tab-content-1291\" class=\"elementor-tab-content elementor-clearfix\" data-tab=\"1\" role=\"region\" aria-labelledby=\"elementor-tab-title-1291\"><div><strong><a href=\"https:\/\/kuopionpuutarhaseura.fi\/paasivusto\/sisallot\/uploads\/2022\/05\/Toimintasuunnitelma-2022.pdf\">Toimintasuunnitelma<\/a><\/strong><strong><a href=\"https:\/\/kuopionpuutarhaseura.fi\/paasivusto\/sisallot\/uploads\/2025\/03\/KPS_Toimintasuunnitelma-2025.pdf\"> 2025<\/a><\/strong><\/div>\n<div>\u00a0<\/div>\n<div><strong><a href=\"https:\/\/kuopionpuutarhaseura.fi\/paasivusto\/sisallot\/uploads\/2022\/05\/Toimintasuunnitelma-2022.pdf\">Toimintasuunnitelma<\/a><\/strong><strong><a href=\"https:\/\/kuopionpuutarhaseura.fi\/paasivusto\/sisallot\/uploads\/2022\/05\/Toimintasuunnitelma-2022.pdf\"> 2022<\/a><\/strong><\/div>\n<div>\u00a0<\/div>\n<div><strong><a href=\"https:\/\/kuopionpuutarhaseura.fi\/paasivusto\/sisallot\/uploads\/2022\/05\/Toimintasuunnitelma-2021.pdf\">Toimintasuunnitelma 2021<\/a><\/strong><\/div>\n<div>\u00a0<\/div>\n<div><strong><a href=\"https:\/\/kuopionpuutarhaseura.fi\/paasivusto\/sisallot\/uploads\/2020\/03\/Toimintasuunnitelma-2020-1.pdf\">Toimintasuunnitelma 2020<\/a><\/strong><\/div>\n<p><strong><!-- \/wp:heading --><!-- wp:heading --><\/strong><\/p>\n<p><span class=\"wpmf_mce-wrap\" style=\"overflow: hidden;\"><a class=\"wpmf-defile wpmf_mce-single-child\" href=\"https:\/\/kuopionpuutarhaseura.fi\/paasivusto\/sisallot\/uploads\/2019\/03\/Toimintasuunnitelma-2019.pdf\" target=\"\"><span class=\"wpmf_mce-single-child\" style=\"font-weight: bold;\">Toimintasuunnitelma 2019<\/span><br \/><span class=\"wpmf_mce-single-child\" style=\"font-weight: normal; font-size: 0.8em;\"><b class=\"wpmf_mce-single-child\">Size : <\/b>135.6 kB<b class=\"wpmf_mce-single-child\"> Format : <\/b>PDF<\/span><\/a><\/span><\/p>\n<p><span class=\"wpmf_mce-wrap\" style=\"overflow: hidden;\"><a class=\"wpmf-defile wpmf_mce-single-child\" href=\"https:\/\/kuopionpuutarhaseura.fi\/paasivusto\/sisallot\/uploads\/2018\/03\/TOIMINTASUUNNITELMA-VUODELLE-2018.pdf\" target=\"\"><span class=\"wpmf_mce-single-child\" style=\"font-weight: bold;\">Toimintasuunnitelma 2018<\/span><br \/><span class=\"wpmf_mce-single-child\" style=\"font-weight: normal; font-size: 0.8em;\"><b class=\"wpmf_mce-single-child\">Size : <\/b>229.2 kB<b class=\"wpmf_mce-single-child\"> Format : <\/b>PDF<\/span><\/a><\/span><\/p>\n<p><span class=\"wpmf_mce-wrap\" style=\"overflow: hidden;\"><a class=\"wpmf-defile wpmf_mce-single-child\" href=\"https:\/\/kuopionpuutarhaseura.fi\/paasivusto\/sisallot\/uploads\/2017\/11\/lopullinenTOIMINTASUUNN2VUODELLE.pdf\" target=\"\"><span class=\"wpmf_mce-single-child\" style=\"font-weight: bold;\">Toimintasuunnitelma 2017<\/span><br \/><span class=\"wpmf_mce-single-child\" style=\"font-weight: normal; font-size: 0.8em;\"><b class=\"wpmf_mce-single-child\">Size : <\/b>389.6 kB<b class=\"wpmf_mce-single-child\"> Format : <\/b>PDF<\/span><\/a><\/span><\/p><\/div>\n\t\t\t\t<\/div>\n\t\t\t\t\t\t\t<div class=\"elementor-toggle-item\">\n\t\t\t\t\t<div id=\"elementor-tab-title-1292\" class=\"elementor-tab-title\" data-tab=\"2\" role=\"button\" aria-controls=\"elementor-tab-content-1292\" aria-expanded=\"false\">\n\t\t\t\t\t\t\t\t\t\t\t\t<span class=\"elementor-toggle-icon elementor-toggle-icon-left\" aria-hidden=\"true\">\n\t\t\t\t\t\t\t\t\t\t\t\t\t\t\t<span class=\"elementor-toggle-icon-closed\"><i class=\"fas fa-caret-right\"><\/i><\/span>\n\t\t\t\t\t\t\t\t<span class=\"elementor-toggle-icon-opened\"><i class=\"elementor-toggle-icon-opened fas fa-caret-up\"><\/i><\/span>\n\t\t\t\t\t\t\t\t\t\t\t\t\t<\/span>\n\t\t\t\t\t\t\t\t\t\t\t\t<a class=\"elementor-toggle-title\" tabindex=\"0\">Toimintakertomukset<\/a>\n\t\t\t\t\t<\/div>\n\n\t\t\t\t\t<div id=\"elementor-tab-content-1292\" class=\"elementor-tab-content elementor-clearfix\" data-tab=\"2\" role=\"region\" aria-labelledby=\"elementor-tab-title-1292\"><div><strong><a href=\"https:\/\/kuopionpuutarhaseura.fi\/paasivusto\/sisallot\/uploads\/2025\/03\/KPS_Toimintakertomus-2024.pdf\">Toimintakertomus 2024<\/a><\/strong><\/div>\n<div>\u00a0<\/div>\n<div><strong><a href=\"https:\/\/kuopionpuutarhaseura.fi\/paasivusto\/sisallot\/uploads\/2022\/05\/Toimintakertomus-2021.pdf\">Toimintakertomus 2021<\/a><\/strong><\/div>\n<div>\u00a0<\/div>\n<div><strong><a href=\"https:\/\/kuopionpuutarhaseura.fi\/paasivusto\/sisallot\/uploads\/2022\/05\/Toimintakertomus-2020.pdf\">Toimintakertomus 2020<\/a><\/strong><\/div>\n<div>\u00a0<\/div>\n<div><strong><a href=\"https:\/\/kuopionpuutarhaseura.fi\/paasivusto\/sisallot\/uploads\/2020\/03\/Toimintakertomus-2019.pdf\" target=\"_blank\" rel=\"noopener\">Toimintakertomus 2019<\/a><\/strong><\/div>\n<div>\u00a0<\/div>\n<p><span class=\"wpmf_mce-wrap\" style=\"overflow: hidden;\"><a class=\"wpmf-defile wpmf_mce-single-child\" href=\"https:\/\/kuopionpuutarhaseura.fi\/paasivusto\/sisallot\/uploads\/2019\/03\/Liite-3-Toimintakertomus-2018.pdf\" target=\"\"><span class=\"wpmf_mce-single-child\" style=\"font-weight: bold;\">Toimintakertomus 2018<\/span><br \/><span class=\"wpmf_mce-single-child\" style=\"font-weight: normal; font-size: 0.8em;\"><b class=\"wpmf_mce-single-child\">Size : <\/b>133.5 kB<b class=\"wpmf_mce-single-child\"> Format : <\/b>PDF<\/span><\/a><br \/><\/span><\/p>\n<p><span class=\"wpmf_mce-wrap\" style=\"overflow: hidden;\"><a class=\"wpmf-defile wpmf_mce-single-child\" href=\"https:\/\/kuopionpuutarhaseura.fi\/paasivusto\/sisallot\/uploads\/2018\/02\/TOIMINTAKERTOMUS-2017.pdf\" target=\"\"><span class=\"wpmf_mce-single-child\" style=\"font-weight: bold;\">Tomintakertomus 2017<\/span><br \/><span class=\"wpmf_mce-single-child\" style=\"font-weight: normal; font-size: 0.8em;\"><b class=\"wpmf_mce-single-child\">Size : <\/b>178.9 kB<b class=\"wpmf_mce-single-child\"> Format : <\/b>TPDF<\/span><\/a><\/span><\/p><\/div>\n\t\t\t\t<\/div>\n\t\t\t\t\t\t\t\t<\/div>\n\t\t\t\t\t\t<\/div>\n\t\t\t\t<\/div>\n\t\t\t\t\t<\/div>\n\t\t<\/div>\n\t\t\t\t\t<\/div>\n\t\t<\/section>\n\t\t\t\t<\/div>\n\t\t","protected":false},"excerpt":{"rendered":"<p>Tutustu tarkemmin puutarhaseuran j\u00e4senetuihin. Napsauta alla olevia kuvakkeita, joiden sis\u00e4lt\u00e4m\u00e4\u00e4 tietoa haluat lukea. J\u00e4senkirjeet J\u00e4senkirje 2023Koko : 572.2 kB Format : PDF J\u00e4senkirje 2022Koko : 221.4 kB Format : PDF [&hellip;]<\/p>\n","protected":false},"author":1,"featured_media":8710,"parent":0,"menu_order":10,"comment_status":"closed","ping_status":"closed","template":"","meta":{"site-sidebar-layout":"default","site-content-layout":"default","ast-site-content-layout":"default","site-content-style":"default","site-sidebar-style":"default","ast-global-header-display":"","ast-banner-title-visibility":"","ast-main-header-display":"","ast-hfb-above-header-display":"","ast-hfb-below-header-display":"","ast-hfb-mobile-header-display":"","site-post-title":"","ast-breadcrumbs-content":"","ast-featured-img":"","footer-sml-layout":"","ast-disable-related-posts":"","theme-transparent-header-meta":"default","adv-header-id-meta":"","stick-header-meta":"default","header-above-stick-meta":"","header-main-stick-meta":"","header-below-stick-meta":"","astra-migrate-meta-layouts":"default","ast-page-background-enabled":"default","ast-page-background-meta":{"desktop":{"background-color":"var(--ast-global-color-5)","background-image":"","background-repeat":"repeat","background-position":"center center","background-size":"auto","background-attachment":"scroll","background-type":"","background-media":"","overlay-type":"","overlay-color":"","overlay-opacity":"","overlay-gradient":""},"tablet":{"background-color":"","background-image":"","background-repeat":"repeat","background-position":"center center","background-size":"auto","background-attachment":"scroll","background-type":"","background-media":"","overlay-type":"","overlay-color":"","overlay-opacity":"","overlay-gradient":""},"mobile":{"background-color":"","background-image":"","background-repeat":"repeat","background-position":"center center","background-size":"auto","background-attachment":"scroll","background-type":"","background-media":"","overlay-type":"","overlay-color":"","overlay-opacity":"","overlay-gradient":""}},"ast-content-background-meta":{"desktop":{"background-color":"var(--ast-global-color-4)","background-image":"","background-repeat":"repeat","background-position":"center center","background-size":"auto","background-attachment":"scroll","background-type":"","background-media":"","overlay-type":"","overlay-color":"","overlay-opacity":"","overlay-gradient":""},"tablet":{"background-color":"var(--ast-global-color-4)","background-image":"","background-repeat":"repeat","background-position":"center center","background-size":"auto","background-attachment":"scroll","background-type":"","background-media":"","overlay-type":"","overlay-color":"","overlay-opacity":"","overlay-gradient":""},"mobile":{"background-color":"var(--ast-global-color-4)","background-image":"","background-repeat":"repeat","background-position":"center center","background-size":"auto","background-attachment":"scroll","background-type":"","background-media":"","overlay-type":"","overlay-color":"","overlay-opacity":"","overlay-gradient":""}},"footnotes":""},"class_list":["post-6306","page","type-page","status-publish","has-post-thumbnail","hentry"],"yoast_head":"<!-- This site is optimized with the Yoast SEO plugin v27.0 - https:\/\/yoast.com\/product\/yoast-seo-wordpress\/ -->\n<title>J\u00e4senille - Kuopion Puutarhaseura ry<\/title>\n<meta name=\"robots\" content=\"index, follow, max-snippet:-1, max-image-preview:large, max-video-preview:-1\" \/>\n<link rel=\"canonical\" href=\"https:\/\/kuopionpuutarhaseura.fi\/paasivusto\/jasenille\/\" \/>\n<meta property=\"og:locale\" content=\"fi_FI\" \/>\n<meta property=\"og:type\" content=\"article\" \/>\n<meta property=\"og:title\" content=\"J\u00e4senille - Kuopion Puutarhaseura ry\" \/>\n<meta property=\"og:description\" content=\"Tutustu tarkemmin puutarhaseuran j\u00e4senetuihin. Napsauta alla olevia kuvakkeita, joiden sis\u00e4lt\u00e4m\u00e4\u00e4 tietoa haluat lukea. J\u00e4senkirjeet J\u00e4senkirje 2023Koko : 572.2 kB Format : PDF J\u00e4senkirje 2022Koko : 221.4 kB Format : PDF [&hellip;]\" \/>\n<meta property=\"og:url\" content=\"https:\/\/kuopionpuutarhaseura.fi\/paasivusto\/jasenille\/\" \/>\n<meta property=\"og:site_name\" content=\"Kuopion Puutarhaseura ry\" \/>\n<meta property=\"article:publisher\" content=\"https:\/\/www.facebook.com\/kuopionpuutarhaseura\/\" \/>\n<meta property=\"article:modified_time\" content=\"2025-03-26T19:11:32+00:00\" \/>\n<meta property=\"og:image\" content=\"https:\/\/kuopionpuutarhaseura.fi\/paasivusto\/wp-content\/uploads\/2019\/04\/KPSry_201904_Tertin_kartano_3-301.jpg\" \/>\n\t<meta property=\"og:image:width\" content=\"1200\" \/>\n\t<meta property=\"og:image:height\" content=\"452\" \/>\n\t<meta property=\"og:image:type\" content=\"image\/jpeg\" \/>\n<meta name=\"twitter:card\" content=\"summary_large_image\" \/>\n<meta name=\"twitter:label1\" content=\"Arvioitu lukuaika\" \/>\n\t<meta name=\"twitter:data1\" content=\"1 minuutti\" \/>\n<script type=\"application\/ld+json\" class=\"yoast-schema-graph\">{\"@context\":\"https:\/\/schema.org\",\"@graph\":[{\"@type\":\"WebPage\",\"@id\":\"https:\/\/kuopionpuutarhaseura.fi\/paasivusto\/jasenille\/\",\"url\":\"https:\/\/kuopionpuutarhaseura.fi\/paasivusto\/jasenille\/\",\"name\":\"J\u00e4senille - Kuopion Puutarhaseura ry\",\"isPartOf\":{\"@id\":\"https:\/\/kuopionpuutarhaseura.fi\/paasivusto\/#website\"},\"primaryImageOfPage\":{\"@id\":\"https:\/\/kuopionpuutarhaseura.fi\/paasivusto\/jasenille\/#primaryimage\"},\"image\":{\"@id\":\"https:\/\/kuopionpuutarhaseura.fi\/paasivusto\/jasenille\/#primaryimage\"},\"thumbnailUrl\":\"https:\/\/kuopionpuutarhaseura.fi\/paasivusto\/wp-content\/uploads\/2019\/04\/KPSry_201904_Tertin_kartano_3-301.jpg\",\"datePublished\":\"2017-11-08T14:46:47+00:00\",\"dateModified\":\"2025-03-26T19:11:32+00:00\",\"breadcrumb\":{\"@id\":\"https:\/\/kuopionpuutarhaseura.fi\/paasivusto\/jasenille\/#breadcrumb\"},\"inLanguage\":\"fi\",\"potentialAction\":[{\"@type\":\"ReadAction\",\"target\":[\"https:\/\/kuopionpuutarhaseura.fi\/paasivusto\/jasenille\/\"]}]},{\"@type\":\"ImageObject\",\"inLanguage\":\"fi\",\"@id\":\"https:\/\/kuopionpuutarhaseura.fi\/paasivusto\/jasenille\/#primaryimage\",\"url\":\"https:\/\/kuopionpuutarhaseura.fi\/paasivusto\/wp-content\/uploads\/2019\/04\/KPSry_201904_Tertin_kartano_3-301.jpg\",\"contentUrl\":\"https:\/\/kuopionpuutarhaseura.fi\/paasivusto\/wp-content\/uploads\/2019\/04\/KPSry_201904_Tertin_kartano_3-301.jpg\",\"width\":1200,\"height\":452},{\"@type\":\"BreadcrumbList\",\"@id\":\"https:\/\/kuopionpuutarhaseura.fi\/paasivusto\/jasenille\/#breadcrumb\",\"itemListElement\":[{\"@type\":\"ListItem\",\"position\":1,\"name\":\"Etusivu\",\"item\":\"https:\/\/kuopionpuutarhaseura.fi\/paasivusto\/\"},{\"@type\":\"ListItem\",\"position\":2,\"name\":\"J\u00e4senille\"}]},{\"@type\":\"WebSite\",\"@id\":\"https:\/\/kuopionpuutarhaseura.fi\/paasivusto\/#website\",\"url\":\"https:\/\/kuopionpuutarhaseura.fi\/paasivusto\/\",\"name\":\"Kuopion Puutarhaseura ry\",\"description\":\"Puutarhaseura Kuopiossa jo vuodesta 1923\",\"publisher\":{\"@id\":\"https:\/\/kuopionpuutarhaseura.fi\/paasivusto\/#organization\"},\"potentialAction\":[{\"@type\":\"SearchAction\",\"target\":{\"@type\":\"EntryPoint\",\"urlTemplate\":\"https:\/\/kuopionpuutarhaseura.fi\/paasivusto\/?s={search_term_string}\"},\"query-input\":{\"@type\":\"PropertyValueSpecification\",\"valueRequired\":true,\"valueName\":\"search_term_string\"}}],\"inLanguage\":\"fi\"},{\"@type\":\"Organization\",\"@id\":\"https:\/\/kuopionpuutarhaseura.fi\/paasivusto\/#organization\",\"name\":\"Kuopion Puutarhaseura ry\",\"url\":\"https:\/\/kuopionpuutarhaseura.fi\/paasivusto\/\",\"logo\":{\"@type\":\"ImageObject\",\"inLanguage\":\"fi\",\"@id\":\"https:\/\/kuopionpuutarhaseura.fi\/paasivusto\/#\/schema\/logo\/image\/\",\"url\":\"https:\/\/kuopionpuutarhaseura.fi\/paasivusto\/wp-content\/uploads\/2019\/05\/Kukkalogo_keltamusta.png\",\"contentUrl\":\"https:\/\/kuopionpuutarhaseura.fi\/paasivusto\/wp-content\/uploads\/2019\/05\/Kukkalogo_keltamusta.png\",\"width\":180,\"height\":172,\"caption\":\"Kuopion Puutarhaseura ry\"},\"image\":{\"@id\":\"https:\/\/kuopionpuutarhaseura.fi\/paasivusto\/#\/schema\/logo\/image\/\"},\"sameAs\":[\"https:\/\/www.facebook.com\/kuopionpuutarhaseura\/\"]}]}<\/script>\n<!-- \/ Yoast SEO plugin. -->","yoast_head_json":{"title":"J\u00e4senille - Kuopion Puutarhaseura ry","robots":{"index":"index","follow":"follow","max-snippet":"max-snippet:-1","max-image-preview":"max-image-preview:large","max-video-preview":"max-video-preview:-1"},"canonical":"https:\/\/kuopionpuutarhaseura.fi\/paasivusto\/jasenille\/","og_locale":"fi_FI","og_type":"article","og_title":"J\u00e4senille - Kuopion Puutarhaseura ry","og_description":"Tutustu tarkemmin puutarhaseuran j\u00e4senetuihin. Napsauta alla olevia kuvakkeita, joiden sis\u00e4lt\u00e4m\u00e4\u00e4 tietoa haluat lukea. J\u00e4senkirjeet J\u00e4senkirje 2023Koko : 572.2 kB Format : PDF J\u00e4senkirje 2022Koko : 221.4 kB Format : PDF [&hellip;]","og_url":"https:\/\/kuopionpuutarhaseura.fi\/paasivusto\/jasenille\/","og_site_name":"Kuopion Puutarhaseura ry","article_publisher":"https:\/\/www.facebook.com\/kuopionpuutarhaseura\/","article_modified_time":"2025-03-26T19:11:32+00:00","og_image":[{"width":1200,"height":452,"url":"https:\/\/kuopionpuutarhaseura.fi\/paasivusto\/wp-content\/uploads\/2019\/04\/KPSry_201904_Tertin_kartano_3-301.jpg","type":"image\/jpeg"}],"twitter_card":"summary_large_image","twitter_misc":{"Arvioitu lukuaika":"1 minuutti"},"schema":{"@context":"https:\/\/schema.org","@graph":[{"@type":"WebPage","@id":"https:\/\/kuopionpuutarhaseura.fi\/paasivusto\/jasenille\/","url":"https:\/\/kuopionpuutarhaseura.fi\/paasivusto\/jasenille\/","name":"J\u00e4senille - Kuopion Puutarhaseura ry","isPartOf":{"@id":"https:\/\/kuopionpuutarhaseura.fi\/paasivusto\/#website"},"primaryImageOfPage":{"@id":"https:\/\/kuopionpuutarhaseura.fi\/paasivusto\/jasenille\/#primaryimage"},"image":{"@id":"https:\/\/kuopionpuutarhaseura.fi\/paasivusto\/jasenille\/#primaryimage"},"thumbnailUrl":"https:\/\/kuopionpuutarhaseura.fi\/paasivusto\/wp-content\/uploads\/2019\/04\/KPSry_201904_Tertin_kartano_3-301.jpg","datePublished":"2017-11-08T14:46:47+00:00","dateModified":"2025-03-26T19:11:32+00:00","breadcrumb":{"@id":"https:\/\/kuopionpuutarhaseura.fi\/paasivusto\/jasenille\/#breadcrumb"},"inLanguage":"fi","potentialAction":[{"@type":"ReadAction","target":["https:\/\/kuopionpuutarhaseura.fi\/paasivusto\/jasenille\/"]}]},{"@type":"ImageObject","inLanguage":"fi","@id":"https:\/\/kuopionpuutarhaseura.fi\/paasivusto\/jasenille\/#primaryimage","url":"https:\/\/kuopionpuutarhaseura.fi\/paasivusto\/wp-content\/uploads\/2019\/04\/KPSry_201904_Tertin_kartano_3-301.jpg","contentUrl":"https:\/\/kuopionpuutarhaseura.fi\/paasivusto\/wp-content\/uploads\/2019\/04\/KPSry_201904_Tertin_kartano_3-301.jpg","width":1200,"height":452},{"@type":"BreadcrumbList","@id":"https:\/\/kuopionpuutarhaseura.fi\/paasivusto\/jasenille\/#breadcrumb","itemListElement":[{"@type":"ListItem","position":1,"name":"Etusivu","item":"https:\/\/kuopionpuutarhaseura.fi\/paasivusto\/"},{"@type":"ListItem","position":2,"name":"J\u00e4senille"}]},{"@type":"WebSite","@id":"https:\/\/kuopionpuutarhaseura.fi\/paasivusto\/#website","url":"https:\/\/kuopionpuutarhaseura.fi\/paasivusto\/","name":"Kuopion Puutarhaseura ry","description":"Puutarhaseura Kuopiossa jo vuodesta 1923","publisher":{"@id":"https:\/\/kuopionpuutarhaseura.fi\/paasivusto\/#organization"},"potentialAction":[{"@type":"SearchAction","target":{"@type":"EntryPoint","urlTemplate":"https:\/\/kuopionpuutarhaseura.fi\/paasivusto\/?s={search_term_string}"},"query-input":{"@type":"PropertyValueSpecification","valueRequired":true,"valueName":"search_term_string"}}],"inLanguage":"fi"},{"@type":"Organization","@id":"https:\/\/kuopionpuutarhaseura.fi\/paasivusto\/#organization","name":"Kuopion Puutarhaseura ry","url":"https:\/\/kuopionpuutarhaseura.fi\/paasivusto\/","logo":{"@type":"ImageObject","inLanguage":"fi","@id":"https:\/\/kuopionpuutarhaseura.fi\/paasivusto\/#\/schema\/logo\/image\/","url":"https:\/\/kuopionpuutarhaseura.fi\/paasivusto\/wp-content\/uploads\/2019\/05\/Kukkalogo_keltamusta.png","contentUrl":"https:\/\/kuopionpuutarhaseura.fi\/paasivusto\/wp-content\/uploads\/2019\/05\/Kukkalogo_keltamusta.png","width":180,"height":172,"caption":"Kuopion Puutarhaseura ry"},"image":{"@id":"https:\/\/kuopionpuutarhaseura.fi\/paasivusto\/#\/schema\/logo\/image\/"},"sameAs":["https:\/\/www.facebook.com\/kuopionpuutarhaseura\/"]}]}},"_links":{"self":[{"href":"https:\/\/kuopionpuutarhaseura.fi\/paasivusto\/wp-json\/wp\/v2\/pages\/6306","targetHints":{"allow":["GET"]}}],"collection":[{"href":"https:\/\/kuopionpuutarhaseura.fi\/paasivusto\/wp-json\/wp\/v2\/pages"}],"about":[{"href":"https:\/\/kuopionpuutarhaseura.fi\/paasivusto\/wp-json\/wp\/v2\/types\/page"}],"author":[{"embeddable":true,"href":"https:\/\/kuopionpuutarhaseura.fi\/paasivusto\/wp-json\/wp\/v2\/users\/1"}],"replies":[{"embeddable":true,"href":"https:\/\/kuopionpuutarhaseura.fi\/paasivusto\/wp-json\/wp\/v2\/comments?post=6306"}],"version-history":[{"count":2,"href":"https:\/\/kuopionpuutarhaseura.fi\/paasivusto\/wp-json\/wp\/v2\/pages\/6306\/revisions"}],"predecessor-version":[{"id":11045,"href":"https:\/\/kuopionpuutarhaseura.fi\/paasivusto\/wp-json\/wp\/v2\/pages\/6306\/revisions\/11045"}],"wp:featuredmedia":[{"embeddable":true,"href":"https:\/\/kuopionpuutarhaseura.fi\/paasivusto\/wp-json\/wp\/v2\/media\/8710"}],"wp:attachment":[{"href":"https:\/\/kuopionpuutarhaseura.fi\/paasivusto\/wp-json\/wp\/v2\/media?parent=6306"}],"curies":[{"name":"wp","href":"https:\/\/api.w.org\/{rel}","templated":true}]}}